{"id":4685,"date":"2026-01-12T07:33:53","date_gmt":"2026-01-12T06:33:53","guid":{"rendered":"https:\/\/genyum.com\/?post_type=product&#038;p=4685"},"modified":"2026-04-06T10:48:04","modified_gmt":"2026-04-06T08:48:04","slug":"discovery-set","status":"publish","type":"product","link":"https:\/\/genyum.com\/es\/producto\/discovery-set\/","title":{"rendered":"Discovery Set"},"content":{"rendered":"<p>Presentado en 8 viales de 1,5 ml, este set incluye: Painter y Photographer, con notas amaderadas especiadas; Ballerina, floral ambarada; Sculptor, floral arom\u00e1tica; Actor, ambarada especiada; Musician, c\u00edtrica amaderada; y Singer, floral blanca.<\/p>\n","protected":false},"excerpt":{"rendered":"<p>Emprende un viaje fragante a trav\u00e9s del coraz\u00f3n de la creatividad y el estilo de vida bohemio. Nuestro Discovery Set es una invitaci\u00f3n a explorar el universo de nuestra colecci\u00f3n, un sentido homenaje a los esp\u00edritus libres y a los genios art\u00edsticos que definen nuestro mundo.<\/p>\n<p>Con tu compra, recibe un vale de 49 \u20ac canjeable \u00fanicamente por una fragancia en genyum.com, v\u00e1lido durante 2 meses. Esta oferta exclusiva est\u00e1 disponible solo en genyum.com.<\/p>\n<p>El Discovery Set no es elegible para las dos muestras adicionales de cortes\u00eda al finalizar la compra.<\/p>\n","protected":false},"featured_media":4753,"comment_status":"open","ping_status":"closed","template":"","meta":{"_acf_changed":false},"product_brand":[],"product_cat":[16],"product_tag":[96,95,100,98,97],"class_list":{"0":"post-4685","1":"product","2":"type-product","3":"status-publish","4":"has-post-thumbnail","6":"product_cat-fragrances","7":"product_tag-discovery-kit","8":"product_tag-discovery-set","9":"product_tag-fragrance-set","10":"product_tag-genyum","11":"product_tag-perfume-set","13":"first","14":"instock","15":"taxable","16":"shipping-taxable","17":"purchasable","18":"product-type-simple"},"acf":[],"_links":{"self":[{"href":"https:\/\/genyum.com\/es\/wp-json\/wp\/v2\/product\/4685","targetHints":{"allow":["GET"]}}],"collection":[{"href":"https:\/\/genyum.com\/es\/wp-json\/wp\/v2\/product"}],"about":[{"href":"https:\/\/genyum.com\/es\/wp-json\/wp\/v2\/types\/product"}],"replies":[{"embeddable":true,"href":"https:\/\/genyum.com\/es\/wp-json\/wp\/v2\/comments?post=4685"}],"version-history":[{"count":2,"href":"https:\/\/genyum.com\/es\/wp-json\/wp\/v2\/product\/4685\/revisions"}],"predecessor-version":[{"id":5194,"href":"https:\/\/genyum.com\/es\/wp-json\/wp\/v2\/product\/4685\/revisions\/5194"}],"wp:featuredmedia":[{"embeddable":true,"href":"https:\/\/genyum.com\/es\/wp-json\/wp\/v2\/media\/4753"}],"wp:attachment":[{"href":"https:\/\/genyum.com\/es\/wp-json\/wp\/v2\/media?parent=4685"}],"wp:term":[{"taxonomy":"product_brand","embeddable":true,"href":"https:\/\/genyum.com\/es\/wp-json\/wp\/v2\/product_brand?post=4685"},{"taxonomy":"product_cat","embeddable":true,"href":"https:\/\/genyum.com\/es\/wp-json\/wp\/v2\/product_cat?post=4685"},{"taxonomy":"product_tag","embeddable":true,"href":"https:\/\/genyum.com\/es\/wp-json\/wp\/v2\/product_tag?post=4685"}],"curies":[{"name":"wp","href":"https:\/\/api.w.org\/{rel}","templated":true}]}}