{"id":3559,"date":"2025-03-19T14:26:03","date_gmt":"2025-03-19T13:26:03","guid":{"rendered":"https:\/\/genyum.com\/?post_type=product&#038;p=3559"},"modified":"2026-04-09T13:47:34","modified_gmt":"2026-04-09T11:47:34","slug":"photographer-edp-100ml","status":"publish","type":"product","link":"https:\/\/genyum.com\/es\/producto\/photographer-edp-100ml\/","title":{"rendered":"Photographer EDP"},"content":{"rendered":"\t\t<div data-elementor-type=\"product-post\" data-elementor-id=\"3559\" class=\"elementor elementor-3559\" data-elementor-post-type=\"product\">\n\t\t\t\t<div role=\"region\" aria-labelledby=\"e-n-accordion-item-2330\" class=\"elementor-element elementor-element-2fd197cf e-flex e-con-boxed e-con e-parent\" data-id=\"2fd197cf\" data-element_type=\"container\" data-e-type=\"container\">\n\t\t\t\t\t<div class=\"e-con-inner\">\n\t\t\t\t<div class=\"elementor-element elementor-element-331f9a5b elementor-widget elementor-widget-text-editor\" data-id=\"331f9a5b\" data-element_type=\"widget\" data-e-type=\"widget\" data-widget_type=\"text-editor.default\">\n\t\t\t\t\t\t\t\t\t<p>Un estallido vibrante de pimienta rosa, nuez moscada y cardamomo enciende los sentidos, reflejando la energ\u00eda del objetivo errante de un fot\u00f3grafo. Como la luz del sol captada a trav\u00e9s del visor, las notas solares arenosas y las maderas transparentes crean un c\u00e1lido resplandor dorado, equilibrado por la profundidad del s\u00e1ndalo. A medida que la fragancia se despliega, capta la emoci\u00f3n de descubrir nuevos paisajes.La fragancia se profundiza con musgo y Georgywood\u2122 en su n\u00facleo, mientras que el \u00e1mbar, la vainilla y el almizcle crean una impresi\u00f3n sofisticada y duradera: un recuerdo olfativo, congelado en el tiempo.<\/p>\t\t\t\t\t\t\t\t<\/div>\n\t\t\t\t\t<\/div>\n\t\t\t\t<\/div>\n\t\t\t\t<\/div>\n\t\t","protected":false},"excerpt":{"rendered":"<p>En medio del pulso r\u00edtmico de la vida urbana, se esconde un santuario, un refugio donde la creatividad prospera y las visiones cobran vida. Es el dominio del fot\u00f3grafo, donde cada momento es un lienzo que espera ser pintado con luz y emoci\u00f3n. Creada para celebrar el arte de la fotograf\u00eda, la fragancia sirve de homenaje a los visionarios que congelan el tiempo con el clic de un obturador, creando recuerdos perdurables que perduran mucho despu\u00e9s de que el momento haya pasado.<\/p>\n","protected":false},"featured_media":5296,"comment_status":"open","ping_status":"closed","template":"","meta":{"_acf_changed":false},"product_brand":[],"product_cat":[16,81],"product_tag":[17,20,21,22,36,23,24,25,37],"class_list":{"0":"post-3559","1":"product","2":"type-product","3":"status-publish","4":"has-post-thumbnail","6":"product_cat-fragrances","7":"product_cat-template2","8":"product_tag-17","9":"product_tag-edp","10":"product_tag-fragancia","11":"product_tag-fragrance","12":"product_tag-painter","13":"product_tag-parfum","14":"product_tag-perfum","15":"product_tag-perfume","16":"product_tag-pintor","18":"first","19":"instock","20":"taxable","21":"shipping-taxable","22":"purchasable","23":"product-type-variable","24":"has-default-attributes"},"acf":[],"_links":{"self":[{"href":"https:\/\/genyum.com\/es\/wp-json\/wp\/v2\/product\/3559","targetHints":{"allow":["GET"]}}],"collection":[{"href":"https:\/\/genyum.com\/es\/wp-json\/wp\/v2\/product"}],"about":[{"href":"https:\/\/genyum.com\/es\/wp-json\/wp\/v2\/types\/product"}],"replies":[{"embeddable":true,"href":"https:\/\/genyum.com\/es\/wp-json\/wp\/v2\/comments?post=3559"}],"version-history":[{"count":5,"href":"https:\/\/genyum.com\/es\/wp-json\/wp\/v2\/product\/3559\/revisions"}],"predecessor-version":[{"id":5206,"href":"https:\/\/genyum.com\/es\/wp-json\/wp\/v2\/product\/3559\/revisions\/5206"}],"wp:featuredmedia":[{"embeddable":true,"href":"https:\/\/genyum.com\/es\/wp-json\/wp\/v2\/media\/5296"}],"wp:attachment":[{"href":"https:\/\/genyum.com\/es\/wp-json\/wp\/v2\/media?parent=3559"}],"wp:term":[{"taxonomy":"product_brand","embeddable":true,"href":"https:\/\/genyum.com\/es\/wp-json\/wp\/v2\/product_brand?post=3559"},{"taxonomy":"product_cat","embeddable":true,"href":"https:\/\/genyum.com\/es\/wp-json\/wp\/v2\/product_cat?post=3559"},{"taxonomy":"product_tag","embeddable":true,"href":"https:\/\/genyum.com\/es\/wp-json\/wp\/v2\/product_tag?post=3559"}],"curies":[{"name":"wp","href":"https:\/\/api.w.org\/{rel}","templated":true}]}}