{"id":30,"date":"2024-08-20T14:55:11","date_gmt":"2024-08-20T12:55:11","guid":{"rendered":"https:\/\/genyum.com\/?post_type=product&#038;p=30"},"modified":"2026-04-06T21:27:55","modified_gmt":"2026-04-06T19:27:55","slug":"singer-edp-100ml","status":"publish","type":"product","link":"https:\/\/genyum.com\/es\/producto\/singer-edp-100ml\/","title":{"rendered":"Singer EDP"},"content":{"rendered":"<p>Despierta tu artista interior con <strong>Singer<\/strong>, un perfume White Floral de Ylang Ylang, Osmanthus y Miel que te inspirar\u00e1 a cantar con el coraz\u00f3n desprendiendo un aroma floral ex\u00f3tico con nota dulce y afrutado, envuelto en una fragancia sensual y adictiva.<\/p>\n","protected":false},"excerpt":{"rendered":"<p>Antes de romper el silencio, cierro los ojos unos instantes y escucho los primeros acordes en mi cerebro. Mi cuerpo se transforma en instrumento dando voz a los sentimientos. Cantar se convierte en una necesidad como el respirar. Y entonces respiras para cantar y cantas para vivir.<\/p>\n","protected":false},"featured_media":52,"comment_status":"open","ping_status":"closed","template":"","meta":{"_acf_changed":false},"product_brand":[],"product_cat":[16],"product_tag":[17,43,20,21,22,23,24,25,44],"class_list":{"0":"post-30","1":"product","2":"type-product","3":"status-publish","4":"has-post-thumbnail","6":"product_cat-fragrances","7":"product_tag-17","8":"product_tag-cantante","9":"product_tag-edp","10":"product_tag-fragancia","11":"product_tag-fragrance","12":"product_tag-parfum","13":"product_tag-perfum","14":"product_tag-perfume","15":"product_tag-singer","17":"first","18":"onbackorder","19":"featured","20":"taxable","21":"shipping-taxable","22":"purchasable","23":"product-type-variable","24":"has-default-attributes"},"acf":[],"_links":{"self":[{"href":"https:\/\/genyum.com\/es\/wp-json\/wp\/v2\/product\/30","targetHints":{"allow":["GET"]}}],"collection":[{"href":"https:\/\/genyum.com\/es\/wp-json\/wp\/v2\/product"}],"about":[{"href":"https:\/\/genyum.com\/es\/wp-json\/wp\/v2\/types\/product"}],"replies":[{"embeddable":true,"href":"https:\/\/genyum.com\/es\/wp-json\/wp\/v2\/comments?post=30"}],"version-history":[{"count":1,"href":"https:\/\/genyum.com\/es\/wp-json\/wp\/v2\/product\/30\/revisions"}],"predecessor-version":[{"id":5300,"href":"https:\/\/genyum.com\/es\/wp-json\/wp\/v2\/product\/30\/revisions\/5300"}],"wp:featuredmedia":[{"embeddable":true,"href":"https:\/\/genyum.com\/es\/wp-json\/wp\/v2\/media\/52"}],"wp:attachment":[{"href":"https:\/\/genyum.com\/es\/wp-json\/wp\/v2\/media?parent=30"}],"wp:term":[{"taxonomy":"product_brand","embeddable":true,"href":"https:\/\/genyum.com\/es\/wp-json\/wp\/v2\/product_brand?post=30"},{"taxonomy":"product_cat","embeddable":true,"href":"https:\/\/genyum.com\/es\/wp-json\/wp\/v2\/product_cat?post=30"},{"taxonomy":"product_tag","embeddable":true,"href":"https:\/\/genyum.com\/es\/wp-json\/wp\/v2\/product_tag?post=30"}],"curies":[{"name":"wp","href":"https:\/\/api.w.org\/{rel}","templated":true}]}}