{"id":21,"date":"2024-08-20T14:55:11","date_gmt":"2024-08-20T12:55:11","guid":{"rendered":"https:\/\/genyum.com\/?post_type=product&#038;p=21"},"modified":"2026-03-25T13:12:41","modified_gmt":"2026-03-25T12:12:41","slug":"writer-edp-100ml","status":"publish","type":"product","link":"https:\/\/genyum.com\/es\/producto\/writer-edp-100ml\/","title":{"rendered":"Writer EDP"},"content":{"rendered":"<p>Despierta tu musa interior con &#8220;Writer&#8221;, un perfume Floral Leather de Incienso, Rosa y Cypirol que te invita a plasmar tus ideas en palabras. Un perfume Floral Leather para hombres y mujeres.<\/p>\n","protected":false},"excerpt":{"rendered":"<p>Olor a tinta, rastro de un camino que dibuja palabras sobre el papel en blanco que hacen volar la imaginaci\u00f3n. Palabras que inmortalizan ideas capaces de poner el mundo a nuestro alcance, haci\u00e9ndonos amar a alguien que s\u00f3lo existi\u00f3 en los trazos de una pluma sobre el papel.<\/p>\n","protected":false},"featured_media":3154,"comment_status":"open","ping_status":"closed","template":"","meta":{"_acf_changed":false},"product_brand":[],"product_cat":[16],"product_tag":[17,20,41,21,22,23,24,25,42],"class_list":{"0":"post-21","1":"product","2":"type-product","3":"status-publish","4":"has-post-thumbnail","6":"product_cat-fragrances","7":"product_tag-17","8":"product_tag-edp","9":"product_tag-escritor","10":"product_tag-fragancia","11":"product_tag-fragrance","12":"product_tag-parfum","13":"product_tag-perfum","14":"product_tag-perfume","15":"product_tag-writer","17":"first","18":"instock","19":"taxable","20":"shipping-taxable","21":"purchasable","22":"product-type-variable","23":"has-default-attributes"},"acf":[],"_links":{"self":[{"href":"https:\/\/genyum.com\/es\/wp-json\/wp\/v2\/product\/21","targetHints":{"allow":["GET"]}}],"collection":[{"href":"https:\/\/genyum.com\/es\/wp-json\/wp\/v2\/product"}],"about":[{"href":"https:\/\/genyum.com\/es\/wp-json\/wp\/v2\/types\/product"}],"replies":[{"embeddable":true,"href":"https:\/\/genyum.com\/es\/wp-json\/wp\/v2\/comments?post=21"}],"version-history":[{"count":1,"href":"https:\/\/genyum.com\/es\/wp-json\/wp\/v2\/product\/21\/revisions"}],"predecessor-version":[{"id":5302,"href":"https:\/\/genyum.com\/es\/wp-json\/wp\/v2\/product\/21\/revisions\/5302"}],"wp:featuredmedia":[{"embeddable":true,"href":"https:\/\/genyum.com\/es\/wp-json\/wp\/v2\/media\/3154"}],"wp:attachment":[{"href":"https:\/\/genyum.com\/es\/wp-json\/wp\/v2\/media?parent=21"}],"wp:term":[{"taxonomy":"product_brand","embeddable":true,"href":"https:\/\/genyum.com\/es\/wp-json\/wp\/v2\/product_brand?post=21"},{"taxonomy":"product_cat","embeddable":true,"href":"https:\/\/genyum.com\/es\/wp-json\/wp\/v2\/product_cat?post=21"},{"taxonomy":"product_tag","embeddable":true,"href":"https:\/\/genyum.com\/es\/wp-json\/wp\/v2\/product_tag?post=21"}],"curies":[{"name":"wp","href":"https:\/\/api.w.org\/{rel}","templated":true}]}}