{"id":20,"date":"2024-08-20T14:55:11","date_gmt":"2024-08-20T12:55:11","guid":{"rendered":"https:\/\/genyum.com\/?post_type=product&#038;p=20"},"modified":"2026-03-25T13:40:27","modified_gmt":"2026-03-25T12:40:27","slug":"actor-edp-100ml","status":"publish","type":"product","link":"https:\/\/genyum.com\/es\/producto\/actor-edp-100ml\/","title":{"rendered":"Actor EDP"},"content":{"rendered":"<p>Siente el poder de la transformaci\u00f3n del int\u00e9rprete con <strong>Actor<\/strong>, un eau de perfume Ambery Spicy de Pimienta, Rosa e Incienso que te inspirar\u00e1 a representar mil vidas transform\u00e1ndote en distintos personajes con una sola fragancia.<\/p>\n","protected":false},"excerpt":{"rendered":"<p>Precipitarse en el abismo de otras personalidades. Dejarse moldear como si fueras un ser de arcilla; transform\u00e1ndose. Transformarse en la r\u00e9plica de un desconocido y llegar a sentir lo que siente \u00e9l. Descubrir en cada una de las personalidades una forma diferente de entender la vida.<\/p>\n","protected":false},"featured_media":5303,"comment_status":"open","ping_status":"closed","template":"","meta":{"_acf_changed":false},"product_brand":[],"product_cat":[16],"product_tag":[17,38,20,21,22,23,24,25,39,40],"class_list":{"0":"post-20","1":"product","2":"type-product","3":"status-publish","4":"has-post-thumbnail","6":"product_cat-fragrances","7":"product_tag-17","8":"product_tag-actor","9":"product_tag-edp","10":"product_tag-fragancia","11":"product_tag-fragrance","12":"product_tag-parfum","13":"product_tag-perfum","14":"product_tag-perfume","15":"product_tag-teatro","16":"product_tag-theater","18":"first","19":"instock","20":"taxable","21":"shipping-taxable","22":"purchasable","23":"product-type-variable","24":"has-default-attributes"},"acf":[],"_links":{"self":[{"href":"https:\/\/genyum.com\/es\/wp-json\/wp\/v2\/product\/20","targetHints":{"allow":["GET"]}}],"collection":[{"href":"https:\/\/genyum.com\/es\/wp-json\/wp\/v2\/product"}],"about":[{"href":"https:\/\/genyum.com\/es\/wp-json\/wp\/v2\/types\/product"}],"replies":[{"embeddable":true,"href":"https:\/\/genyum.com\/es\/wp-json\/wp\/v2\/comments?post=20"}],"version-history":[{"count":1,"href":"https:\/\/genyum.com\/es\/wp-json\/wp\/v2\/product\/20\/revisions"}],"predecessor-version":[{"id":5275,"href":"https:\/\/genyum.com\/es\/wp-json\/wp\/v2\/product\/20\/revisions\/5275"}],"wp:featuredmedia":[{"embeddable":true,"href":"https:\/\/genyum.com\/es\/wp-json\/wp\/v2\/media\/5303"}],"wp:attachment":[{"href":"https:\/\/genyum.com\/es\/wp-json\/wp\/v2\/media?parent=20"}],"wp:term":[{"taxonomy":"product_brand","embeddable":true,"href":"https:\/\/genyum.com\/es\/wp-json\/wp\/v2\/product_brand?post=20"},{"taxonomy":"product_cat","embeddable":true,"href":"https:\/\/genyum.com\/es\/wp-json\/wp\/v2\/product_cat?post=20"},{"taxonomy":"product_tag","embeddable":true,"href":"https:\/\/genyum.com\/es\/wp-json\/wp\/v2\/product_tag?post=20"}],"curies":[{"name":"wp","href":"https:\/\/api.w.org\/{rel}","templated":true}]}}