{"id":16,"date":"2024-08-20T14:55:11","date_gmt":"2024-08-20T12:55:11","guid":{"rendered":"https:\/\/genyum.com\/?post_type=product&#038;p=16"},"modified":"2026-04-14T10:36:19","modified_gmt":"2026-04-14T08:36:19","slug":"musician-edp-100ml","status":"publish","type":"product","link":"https:\/\/genyum.com\/es\/producto\/musician-edp-100ml\/","title":{"rendered":"Musician EDP"},"content":{"rendered":"<p>Libera tu artista interior con <strong>Musician<\/strong>, un perfume Citrus Woody de Yuzu, Flor de Naranjo y Cedro que te llenar\u00e1 de energ\u00eda y pasi\u00f3n. Perfume Citrus Woody para hombres y mujeres que captura tu esencia al comp\u00e1s de tus sentidos inspirando\u00a0a componer tu propia fragancia de melod\u00eda.<\/p>\n","protected":false},"excerpt":{"rendered":"<p>Mi viol\u00edn, una pasi\u00f3n que es mi obsesi\u00f3n, que me castiga y me recompensa a la vez, que me eleva y luego me deja caer. El olor de la madera, su tacto. Un abrazo forzado en mi cuello, su arco insistiendo en que acaricie las cuatro cuerdas hasta convertir las notas en arte.<\/p>\n","protected":false},"featured_media":5286,"comment_status":"open","ping_status":"closed","template":"","meta":{"_acf_changed":false},"product_brand":[],"product_cat":[16,81],"product_tag":[17,20,21,22,26,27,28,23,24,25],"class_list":{"0":"post-16","1":"product","2":"type-product","3":"status-publish","4":"has-post-thumbnail","6":"product_cat-fragrances","7":"product_cat-template2","8":"product_tag-17","9":"product_tag-edp","10":"product_tag-fragancia","11":"product_tag-fragrance","12":"product_tag-musician","13":"product_tag-musicien","14":"product_tag-musico","15":"product_tag-parfum","16":"product_tag-perfum","17":"product_tag-perfume","19":"first","20":"instock","21":"taxable","22":"shipping-taxable","23":"purchasable","24":"product-type-variable","25":"has-default-attributes"},"acf":[],"_links":{"self":[{"href":"https:\/\/genyum.com\/es\/wp-json\/wp\/v2\/product\/16","targetHints":{"allow":["GET"]}}],"collection":[{"href":"https:\/\/genyum.com\/es\/wp-json\/wp\/v2\/product"}],"about":[{"href":"https:\/\/genyum.com\/es\/wp-json\/wp\/v2\/types\/product"}],"replies":[{"embeddable":true,"href":"https:\/\/genyum.com\/es\/wp-json\/wp\/v2\/comments?post=16"}],"version-history":[{"count":2,"href":"https:\/\/genyum.com\/es\/wp-json\/wp\/v2\/product\/16\/revisions"}],"predecessor-version":[{"id":5290,"href":"https:\/\/genyum.com\/es\/wp-json\/wp\/v2\/product\/16\/revisions\/5290"}],"wp:featuredmedia":[{"embeddable":true,"href":"https:\/\/genyum.com\/es\/wp-json\/wp\/v2\/media\/5286"}],"wp:attachment":[{"href":"https:\/\/genyum.com\/es\/wp-json\/wp\/v2\/media?parent=16"}],"wp:term":[{"taxonomy":"product_brand","embeddable":true,"href":"https:\/\/genyum.com\/es\/wp-json\/wp\/v2\/product_brand?post=16"},{"taxonomy":"product_cat","embeddable":true,"href":"https:\/\/genyum.com\/es\/wp-json\/wp\/v2\/product_cat?post=16"},{"taxonomy":"product_tag","embeddable":true,"href":"https:\/\/genyum.com\/es\/wp-json\/wp\/v2\/product_tag?post=16"}],"curies":[{"name":"wp","href":"https:\/\/api.w.org\/{rel}","templated":true}]}}