{"id":702,"date":"2024-09-03T17:10:27","date_gmt":"2024-09-03T15:10:27","guid":{"rendered":"https:\/\/genyum.com\/?page_id=702"},"modified":"2025-12-23T16:54:19","modified_gmt":"2025-12-23T15:54:19","slug":"politicas-de-cookies","status":"publish","type":"page","link":"https:\/\/genyum.com\/es\/politicas-de-cookies\/","title":{"rendered":"pol\u00edticas de cookies"},"content":{"rendered":"\t\t<div data-elementor-type=\"wp-page\" data-elementor-id=\"702\" class=\"elementor elementor-702\" data-elementor-post-type=\"page\">\n\t\t\t\t<div class=\"elementor-element elementor-element-4bb9125 e-con-full e-flex e-con e-parent\" data-id=\"4bb9125\" data-element_type=\"container\" data-e-type=\"container\">\n\t\t<div class=\"elementor-element elementor-element-1e38e2b e-con-full elementor-hidden-tablet elementor-hidden-mobile e-flex e-con e-child\" data-id=\"1e38e2b\" data-element_type=\"container\" data-e-type=\"container\" data-settings=\"{&quot;background_background&quot;:&quot;classic&quot;}\">\n\t\t\t\t<\/div>\n\t\t<div class=\"elementor-element elementor-element-f63772c e-con-full e-flex e-con e-child\" data-id=\"f63772c\" data-element_type=\"container\" data-e-type=\"container\">\n\t\t\t\t<div class=\"elementor-element elementor-element-20b81eb e-n-tabs-none elementor-widget elementor-widget-n-tabs\" data-id=\"20b81eb\" data-element_type=\"widget\" data-e-type=\"widget\" data-settings=\"{&quot;tabs_justify_horizontal_mobile&quot;:&quot;stretch&quot;,&quot;horizontal_scroll_mobile&quot;:&quot;disable&quot;}\" data-widget_type=\"nested-tabs.default\">\n\t\t\t\t\t\t\t<div class=\"e-n-tabs\" data-widget-number=\"34308587\" aria-label=\"Pesta\u00f1as. Abre elementos con Intro o Espacio, ci\u00e9rralos con Escape y navega con las fechas.\">\n\t\t\t<div class=\"e-n-tabs-heading\" role=\"tablist\">\n\t\t\t\t\t<button id=\"e-n-tab-title-343085871\" data-tab-title-id=\"e-n-tab-title-343085871\" class=\"e-n-tab-title\" aria-selected=\"true\" data-tab-index=\"1\" role=\"tab\" tabindex=\"0\" aria-controls=\"e-n-tab-content-343085871\" style=\"--n-tabs-title-order: 1;\">\n\t\t\t\t\t\t<span class=\"e-n-tab-title-text\">\n\t\t\t\t\u00bfQU\u00c9 ES UNA<br> COOKIE?\t\t\t<\/span>\n\t\t<\/button>\n\t\t\t\t<button id=\"e-n-tab-title-343085872\" data-tab-title-id=\"e-n-tab-title-343085872\" class=\"e-n-tab-title\" aria-selected=\"false\" data-tab-index=\"2\" role=\"tab\" tabindex=\"-1\" aria-controls=\"e-n-tab-content-343085872\" style=\"--n-tabs-title-order: 2;\">\n\t\t\t\t\t\t<span class=\"e-n-tab-title-text\">\n\t\t\t\t\u00bfQU\u00c9 COOKIES<br> UTILIZAMOS?\t\t\t<\/span>\n\t\t<\/button>\n\t\t\t\t<button id=\"e-n-tab-title-343085873\" data-tab-title-id=\"e-n-tab-title-343085873\" class=\"e-n-tab-title\" aria-selected=\"false\" data-tab-index=\"3\" role=\"tab\" tabindex=\"-1\" aria-controls=\"e-n-tab-content-343085873\" style=\"--n-tabs-title-order: 3;\">\n\t\t\t\t\t\t<span class=\"e-n-tab-title-text\">\n\t\t\t\t\u00bfQUI\u00c9N UTILIZA <br>LAS COOKIES?\t\t\t<\/span>\n\t\t<\/button>\n\t\t\t\t<button id=\"e-n-tab-title-343085874\" data-tab-title-id=\"e-n-tab-title-343085874\" class=\"e-n-tab-title\" aria-selected=\"false\" data-tab-index=\"4\" role=\"tab\" tabindex=\"-1\" aria-controls=\"e-n-tab-content-343085874\" style=\"--n-tabs-title-order: 4;\">\n\t\t\t\t\t\t<span class=\"e-n-tab-title-text\">\n\t\t\t\t\u00bfC\u00d3MO SE<br>PUEDEN <br>DESACTIVAR <br>LAS COOKIES?\t\t\t<\/span>\n\t\t<\/button>\n\t\t\t\t\t<\/div>\n\t\t\t<div class=\"e-n-tabs-content\">\n\t\t\t\t<div id=\"e-n-tab-content-343085871\" role=\"tabpanel\" aria-labelledby=\"e-n-tab-title-343085871\" data-tab-index=\"1\" style=\"--n-tabs-title-order: 1;\" class=\"e-active elementor-element elementor-element-fc88805 e-flex e-con-boxed e-con e-child\" data-id=\"fc88805\" data-element_type=\"container\" data-e-type=\"container\">\n\t\t\t\t\t<div class=\"e-con-inner\">\n\t\t\t\t<div class=\"elementor-element elementor-element-b46d18d elementor-widget__width-initial elementor-widget elementor-widget-text-editor\" data-id=\"b46d18d\" data-element_type=\"widget\" data-e-type=\"widget\" data-widget_type=\"text-editor.default\">\n\t\t\t\t\t\t\t\t\t<p>Las cookies son peque\u00f1as cantidades de informaci\u00f3n que se almacenan en el navegador utilizado por cada usuario para que el servidor recuerde cierta informaci\u00f3n que posteriormente \u00fanicamente el servidor que la implement\u00f3 leer\u00e1. Las cookies tienen, generalmente, una duraci\u00f3n limitada en el tiempo.<\/p>\t\t\t\t\t\t\t\t<\/div>\n\t\t\t\t\t<\/div>\n\t\t\t\t<\/div>\n\t\t<div id=\"e-n-tab-content-343085872\" role=\"tabpanel\" aria-labelledby=\"e-n-tab-title-343085872\" data-tab-index=\"2\" style=\"--n-tabs-title-order: 2;\" class=\" elementor-element elementor-element-7be5066 e-flex e-con-boxed e-con e-child\" data-id=\"7be5066\" data-element_type=\"container\" data-e-type=\"container\">\n\t\t\t\t\t<div class=\"e-con-inner\">\n\t\t\t\t<div class=\"elementor-element elementor-element-c059501 elementor-widget__width-initial elementor-widget elementor-widget-text-editor\" data-id=\"c059501\" data-element_type=\"widget\" data-e-type=\"widget\" data-widget_type=\"text-editor.default\">\n\t\t\t\t\t\t\t\t\t<p class=\"margin-int-parrag\">GENYUM FRAGRANCES,\u00a0 S.L.utiliza las siguientes cookies:<\/p><p class=\"margin-int-parrag\"><strong>COOKIES T\u00c9CNICAS<\/strong><br \/>Son aqu\u00e9llas que permiten al usuario la navegaci\u00f3n a trav\u00e9s de una p\u00e1gina web y la utilizaci\u00f3n de las diferentes opciones o servicios que en ella existan como, por ejemplo, controlar el tr\u00e1fico y la comunicaci\u00f3n de datos, identificar la sesi\u00f3n, acceder a partes de acceso restringido, etc.<\/p><p class=\"margin-int-parrag\"><strong>COOKIES DE PERSONALIZACI\u00d3N<\/strong><br \/>Son aqu\u00e9llas que permiten al usuario acceder al servicio con algunas caracter\u00edsticas de car\u00e1cter general predefinidas como por ejemplo serian el idioma, el tipo de navegador a trav\u00e9s del cual accede al servicio, la configuraci\u00f3n regional desde donde accede al servicio, etc.<\/p><p class=\"margin-int-parrag\"><strong>COOKIES DE AN\u00c1LISIS<\/strong><br \/>Son aqu\u00e9llas que permiten el seguimiento y an\u00e1lisis del comportamiento del usuario. La informaci\u00f3n recogida mediante este tipo de cookies se utiliza en la medici\u00f3n de la actividad del sitio web y para la elaboraci\u00f3n de perfiles de navegaci\u00f3n de los usuarios, con el fin de introducir mejoras.<\/p><p class=\"margin-int-parrag\">Esta p\u00e1gina web usa cookies. Las cookies de este sitio web se usan para personalizar el contenido y los anuncios, ofrecer funciones de redes sociales y analizar el tr\u00e1fico. Adem\u00e1s, compartimos informaci\u00f3n sobre el uso que haga del sitio web con nuestros partners de redes sociales, publicidad y an\u00e1lisis web, quienes pueden combinarla con otra informaci\u00f3n que les haya proporcionado o que hayan recopilado a partir del uso que haya hecho de sus servicios.<\/p><p class=\"margin-int-parrag\">Las cookies son peque\u00f1os archivos de texto que las p\u00e1ginas web pueden utilizar para hacer m\u00e1s eficiente la experiencia del usuario.<\/p><p class=\"margin-int-parrag\">La ley afirma que podemos almacenar cookies en su dispositivo si son estrictamente necesarias para el funcionamiento de esta p\u00e1gina. Para todos los dem\u00e1s tipos de cookies necesitamos su permiso.<\/p><p class=\"margin-int-parrag\">Esta p\u00e1gina utiliza tipos diferentes de cookies. Algunas cookies son colocadas por servicios de terceros que aparecen en nuestras p\u00e1ginas.<\/p><p class=\"margin-int-parrag\">En cualquier momento puede cambiar o retirar su consentimiento desde la Declaraci\u00f3n de cookies en nuestro sitio web.<\/p><p class=\"margin-int-parrag\">Obtenga m\u00e1s informaci\u00f3n sobre qui\u00e9nes somos, c\u00f3mo puede contactarnos y c\u00f3mo procesamos los datos personales en nuestra Pol\u00edtica de privacidad.<\/p><p class=\"margin-int-parrag\">Al contactarnos respecto a su consentimiento, por favor, indique el ID y la fecha de su consentimiento.<\/p><p class=\"margin-int-parrag\">Su consentimiento se aplica a los siguientes dominios:\u00a0<a href=\"http:\/\/www.genyum.com\/\">www.genyum.com<\/a><\/p><p class=\"margin-int-parrag\">Tu estado actual: Denegar.<br \/>ID de tu consentimiento: <span style=\"font-size: 10px;\">j3lJZnSMDWsO0d2VVxSEvCeBcKIioL9g0WHvEtp2lPkL8EYnxR\/UuA==<\/span><br \/>Fecha del consentimiento: jueves, 19 de mayo de 2022, 15:56:40 CEST<\/p><p class=\"margin-int-parrag\">Cambiar tu consentimiento<\/p>\t\t\t\t\t\t\t\t<\/div>\n\t\t\t\t\t<\/div>\n\t\t\t\t<\/div>\n\t\t<div id=\"e-n-tab-content-343085873\" role=\"tabpanel\" aria-labelledby=\"e-n-tab-title-343085873\" data-tab-index=\"3\" style=\"--n-tabs-title-order: 3;\" class=\" elementor-element elementor-element-60df97b e-flex e-con-boxed e-con e-child\" data-id=\"60df97b\" data-element_type=\"container\" data-e-type=\"container\">\n\t\t\t\t\t<div class=\"e-con-inner\">\n\t\t\t\t<div class=\"elementor-element elementor-element-c89decd elementor-widget__width-initial elementor-widget elementor-widget-text-editor\" data-id=\"c89decd\" data-element_type=\"widget\" data-e-type=\"widget\" data-widget_type=\"text-editor.default\">\n\t\t\t\t\t\t\t\t\t<p class=\"margin-int-parrag\">La informaci\u00f3n obtenida a trav\u00e9s de las cookies ser\u00e1 recogida y tratada por\u00a0GENYUM\u00a0FRAGRANCES,\u00a0S.L., cuyos datos se detallan a continuaci\u00f3n:<\/p>\n\n<p class=\"margin-int-parrag\"><strong>DENOMINACI\u00d3N SOCIAL<\/strong>\n GENYUM\u00a0FRAGRANCES, S.L.<\/p>\n\n<p class=\"margin-int-parrag\"><strong>DIRECCI\u00d3N<\/strong>\nC\/ de les Moles 10, 2\u00ba-3\u00aa, 08002 Barcelona<\/p>\n\n<p class=\"margin-int-parrag\"><strong>TEL\u00c9FONO<\/strong>\n665074078<\/p>\n\n<strong>CORREO ELECTR\u00d3NICO<\/strong>\n<a href=\"mailto:contact@genyum.com\">contact@genyum.com\u00a0<\/a>\t\t\t\t\t\t\t\t<\/div>\n\t\t\t\t\t<\/div>\n\t\t\t\t<\/div>\n\t\t<div id=\"e-n-tab-content-343085874\" role=\"tabpanel\" aria-labelledby=\"e-n-tab-title-343085874\" data-tab-index=\"4\" style=\"--n-tabs-title-order: 4;\" class=\" elementor-element elementor-element-e62c289 e-flex e-con-boxed e-con e-child\" data-id=\"e62c289\" data-element_type=\"container\" data-e-type=\"container\">\n\t\t\t\t\t<div class=\"e-con-inner\">\n\t\t\t\t<div class=\"elementor-element elementor-element-e52de19 elementor-widget__width-initial elementor-widget elementor-widget-text-editor\" data-id=\"e52de19\" data-element_type=\"widget\" data-e-type=\"widget\" data-widget_type=\"text-editor.default\">\n\t\t\t\t\t\t\t\t\t<p class=\"margin-int-parrag\">Puede bloquear o eliminar cookies a trav\u00e9s del explorador de internet, pero si lo hace puede haber alg\u00fan problema al utilizar o cargar la plataforma.<\/p>\n\n<p class=\"margin-int-parrag\">La configuraci\u00f3n del explorador de internet a tal efecto depender\u00e1 del navegador que est\u00e9 utilizando. A continuaci\u00f3n, le facilitamos enlaces a las instrucciones que ofrecen los principales navegadores para eliminar cookies:<\/p>\n\n<p class=\"margin-int-parrag\"><strong>INTERNET EXPLORER<\/strong>\n<a style=\"font-size: 14px;\" href=\"http:\/\/windows.microsoft.com\/es-ES\/internet-explorer\/delete-manage-cookies#ie=ie-11-win-7\" target=\"_blank\" rel=\"noopener\">http:\/\/windows.microsoft.com\/es-ES\/internet-explorer\/delete-manage-cookies#ie=ie-11-win-7<\/a><\/p>\n\n<p class=\"margin-int-parrag\"><strong>FIREFOX<\/strong>\n<a style=\"font-size: 14px;\" href=\"https:\/\/support.mozilla.org\/es\/kb\/Borrar%20cookies\" target=\"_blank\" rel=\"noopener\">https:\/\/support.mozilla.org\/es\/kb\/Borrar%20cookies<\/a><\/p>\n\n<p class=\"margin-int-parrag\"><strong>CHROME<\/strong>\n<a style=\"font-size: 14px;\" href=\"https:\/\/support.google.com\/chrome\/answer\/95647\" target=\"_blank\" rel=\"noopener\">https:\/\/support.google.com\/chrome\/answer\/95647\u00a0<\/a><\/p>\t\t\t\t\t\t\t\t<\/div>\n\t\t\t\t\t<\/div>\n\t\t\t\t<\/div>\n\t\t\t\t\t<\/div>\n\t\t<\/div>\n\t\t\t\t\t\t<\/div>\n\t\t\t\t<\/div>\n\t\t\t\t<\/div>\n\t\t\t\t<\/div>\n\t\t","protected":false},"excerpt":{"rendered":"<p>\u00bfQU\u00c9 ES UNA COOKIE? \u00bfQU\u00c9 COOKIES UTILIZAMOS? \u00bfQUI\u00c9N UTILIZA LAS COOKIES? \u00bfC\u00d3MO SEPUEDEN DESACTIVAR LAS COOKIES? Las cookies son peque\u00f1as cantidades de informaci\u00f3n que se almacenan en el navegador utilizado por cada usuario para que el servidor recuerde cierta informaci\u00f3n que posteriormente \u00fanicamente el servidor que la implement\u00f3 leer\u00e1. Las cookies tienen, generalmente, una duraci\u00f3n [&hellip;]<\/p>\n","protected":false},"author":1,"featured_media":0,"parent":0,"menu_order":0,"comment_status":"closed","ping_status":"closed","template":"","meta":{"_acf_changed":false,"footnotes":""},"class_list":["post-702","page","type-page","status-publish","hentry"],"acf":[],"_links":{"self":[{"href":"https:\/\/genyum.com\/es\/wp-json\/wp\/v2\/pages\/702","targetHints":{"allow":["GET"]}}],"collection":[{"href":"https:\/\/genyum.com\/es\/wp-json\/wp\/v2\/pages"}],"about":[{"href":"https:\/\/genyum.com\/es\/wp-json\/wp\/v2\/types\/page"}],"author":[{"embeddable":true,"href":"https:\/\/genyum.com\/es\/wp-json\/wp\/v2\/users\/1"}],"replies":[{"embeddable":true,"href":"https:\/\/genyum.com\/es\/wp-json\/wp\/v2\/comments?post=702"}],"version-history":[{"count":0,"href":"https:\/\/genyum.com\/es\/wp-json\/wp\/v2\/pages\/702\/revisions"}],"wp:attachment":[{"href":"https:\/\/genyum.com\/es\/wp-json\/wp\/v2\/media?parent=702"}],"curies":[{"name":"wp","href":"https:\/\/api.w.org\/{rel}","templated":true}]}}