{"id":686,"date":"2024-09-03T16:42:36","date_gmt":"2024-09-03T14:42:36","guid":{"rendered":"https:\/\/genyum.com\/?page_id=686"},"modified":"2025-07-25T11:19:04","modified_gmt":"2025-07-25T09:19:04","slug":"aviso-legal","status":"publish","type":"page","link":"https:\/\/genyum.com\/es\/aviso-legal\/","title":{"rendered":"Aviso legal"},"content":{"rendered":"\t\t<div data-elementor-type=\"wp-page\" data-elementor-id=\"686\" class=\"elementor elementor-686\" data-elementor-post-type=\"page\">\n\t\t\t\t<div class=\"elementor-element elementor-element-113141e e-con-full e-flex e-con e-parent\" data-id=\"113141e\" data-element_type=\"container\" data-e-type=\"container\">\n\t\t<div class=\"elementor-element elementor-element-fcf5c93 e-con-full elementor-hidden-mobile elementor-hidden-tablet e-flex e-con e-child\" data-id=\"fcf5c93\" data-element_type=\"container\" data-e-type=\"container\" data-settings=\"{&quot;background_background&quot;:&quot;classic&quot;}\">\n\t\t\t\t<\/div>\n\t\t<div class=\"elementor-element elementor-element-52062d7 e-con-full e-flex e-con e-child\" data-id=\"52062d7\" data-element_type=\"container\" data-e-type=\"container\">\n\t\t\t\t<div class=\"elementor-element elementor-element-5f29596 elementor-widget__width-initial elementor-widget elementor-widget-text-editor\" data-id=\"5f29596\" data-element_type=\"widget\" data-e-type=\"widget\" data-widget_type=\"text-editor.default\">\n\t\t\t\t\t\t\t\t\t<p>1.\u00a0GENYUM\u00a0FRAGRANCES,\u00a0S.L.\u00a0es la sociedad titular de esta web. Todos los derechos de Propiedad Industrial e Intelectual de los contenidos de la misma pertenecen a\u00a0GENYUM\u00a0FRAGRANCES,\u00a0S.L.\u00a0Por consiguiente, su contenido y los signos distintivos que en ella constan, as\u00ed como, las fotograf\u00edas, logotipos, marcas, videos, publicaciones, res\u00famenes y comunicados de prensa, son propiedad de GENYUM\u00a0FRAGRANCES,\u00a0S.L., y no podr\u00e1n ser objeto de reproducci\u00f3n, adaptaci\u00f3n, traducci\u00f3n, distribuci\u00f3n, modificaci\u00f3n o cualquier tipo de manipulaci\u00f3n, sin permiso expreso de GENYUM\u00a0FRAGRANCES,\u00a0S.L., que se reserva el derecho de reclamar por los da\u00f1os y perjuicios causados por el uso indebido por terceros de su propiedad intelectual.<\/p><p>2. GENYUM\u00a0FRAGRANCES,\u00a0S.L. entiende que la informaci\u00f3n ofrecida es precisa, suficiente, cierta y correcta, pero no se responsabiliza de su contenido, ni de cualquier incorrecci\u00f3n t\u00e9cnica o que la informaci\u00f3n no haya sido convenientemente actualizada, y no asumir\u00e1 ninguna responsabilidad por cualquier da\u00f1o o perjuicio que se produzca por cualquier actuaci\u00f3n que se realice en base a dicha informaci\u00f3n.<\/p><p>3. Este sitio web le permitir\u00e1 acceder a otras webs que pueden estar afiliadas o no a GENYUM\u00a0FRAGRANCES,\u00a0S.L.\u00a0y tener condiciones e indicaciones de uso distintas o adicionales a las de nuestro sitio web. El acceso que usted realice a dichas webs a trav\u00e9s de los v\u00ednculos o enlaces que encontrar\u00e1 en nuestro sitio web se regir\u00e1 por las condiciones, indicaciones y pol\u00edticas de uso de dichas webs, no por las Condiciones de nuestro sitio web. Por ello, en caso de acceder a sitios webs de terceros, usted acepta y reconoce que GENYUM\u00a0FRAGRANCES,\u00a0S.L.\u00a0no ejerce ning\u00fan control sobre ni responde del contenido de la informaci\u00f3n a la que acceda.<\/p><p>4. La informaci\u00f3n ofrecida solo y exclusivamente puede ser utilizada para fines personales y no comerciales.<\/p><p>5.\u00a0GENYUM\u00a0FRAGRANCES,\u00a0S.L. no se responsabiliza de ning\u00fan da\u00f1o producido al equipo inform\u00e1tico del usuario, ni de ning\u00fan virus que pueda infectar los mismos, como consecuencia del acceso por su parte a la web, o de la descarga de cualquier contenido.<\/p><p>6. GENYUM\u00a0FRAGRANCES,\u00a0S.L.\u00a0se reserva el derecho de utilizar, reproducir, modificar, divulgar o traducir cualquier informaci\u00f3n, dato, idea, o conocimiento que el usuario introduzca en la web o envi\u00e9 como comunicaci\u00f3n a la misma.<\/p><p>7. GENYUM\u00a0FRAGRANCES,\u00a0S.L., se reserva el derecho de modificar, sin previo aviso y en cualquier momento las presentes Condiciones. Dicha modificaci\u00f3n ser\u00e1 vinculante para el usuario una vez que hayan sido incluidas en el aviso legal de la web.<\/p><p>8. Para poder acceder a algunos servicios de la web ser\u00e1 necesario que el usuario se identifique y consigne sus datos personales. Tales datos ser\u00e1n objeto de tratamiento por parte de Ana Torrents Gimeno conforme se indica en la Pol\u00edtica de Privacidad.<\/p><p>9. Datos de identificaci\u00f3n de acuerdo con la Ley 34\/2002, de Servicios de la Sociedad de la Informaci\u00f3n y de Comercio Electr\u00f3nico: GENYUM FRAGRANCES, S.L., Carrer de les Moles 10, 2\u00ba 3\u00aa\u2013 Barcelona (Espa\u00f1a), C.I.F B13971114 Y. E-mail:\u00a0<a href=\"mailto:genyum@genyum.com\">contact@genyum.com<\/a><\/p>\t\t\t\t\t\t\t\t<\/div>\n\t\t\t\t<\/div>\n\t\t\t\t<\/div>\n\t\t\t\t<\/div>\n\t\t","protected":false},"excerpt":{"rendered":"<p>1.\u00a0GENYUM\u00a0FRAGRANCES,\u00a0S.L.\u00a0es la sociedad titular de esta web. Todos los derechos de Propiedad Industrial e Intelectual de los contenidos de la misma pertenecen a\u00a0GENYUM\u00a0FRAGRANCES,\u00a0S.L.\u00a0Por consiguiente, su contenido y los signos distintivos que en ella constan, as\u00ed como, las fotograf\u00edas, logotipos, marcas, videos, publicaciones, res\u00famenes y comunicados de prensa, son propiedad de GENYUM\u00a0FRAGRANCES,\u00a0S.L., y no podr\u00e1n ser [&hellip;]<\/p>\n","protected":false},"author":1,"featured_media":0,"parent":0,"menu_order":0,"comment_status":"closed","ping_status":"closed","template":"","meta":{"_acf_changed":false,"footnotes":""},"class_list":["post-686","page","type-page","status-publish","hentry"],"acf":[],"_links":{"self":[{"href":"https:\/\/genyum.com\/es\/wp-json\/wp\/v2\/pages\/686","targetHints":{"allow":["GET"]}}],"collection":[{"href":"https:\/\/genyum.com\/es\/wp-json\/wp\/v2\/pages"}],"about":[{"href":"https:\/\/genyum.com\/es\/wp-json\/wp\/v2\/types\/page"}],"author":[{"embeddable":true,"href":"https:\/\/genyum.com\/es\/wp-json\/wp\/v2\/users\/1"}],"replies":[{"embeddable":true,"href":"https:\/\/genyum.com\/es\/wp-json\/wp\/v2\/comments?post=686"}],"version-history":[{"count":0,"href":"https:\/\/genyum.com\/es\/wp-json\/wp\/v2\/pages\/686\/revisions"}],"wp:attachment":[{"href":"https:\/\/genyum.com\/es\/wp-json\/wp\/v2\/media?parent=686"}],"curies":[{"name":"wp","href":"https:\/\/api.w.org\/{rel}","templated":true}]}}