{"id":434,"date":"2024-08-28T20:43:52","date_gmt":"2024-08-28T18:43:52","guid":{"rendered":"https:\/\/genyum.com\/?page_id=434"},"modified":"2026-03-23T14:05:12","modified_gmt":"2026-03-23T13:05:12","slug":"sobre-nosotros","status":"publish","type":"page","link":"https:\/\/genyum.com\/es\/sobre-nosotros\/","title":{"rendered":"Sobre nosotros"},"content":{"rendered":"\t\t<div data-elementor-type=\"wp-page\" data-elementor-id=\"434\" class=\"elementor elementor-434\" data-elementor-post-type=\"page\">\n\t\t\t\t<div class=\"elementor-element elementor-element-6af7403 e-con-full elementor-hidden-mobile e-flex e-con e-parent\" data-id=\"6af7403\" data-element_type=\"container\" data-e-type=\"container\">\n\t\t<div class=\"elementor-element elementor-element-11f6233 e-con-full e-flex e-con e-child\" data-id=\"11f6233\" data-element_type=\"container\" data-e-type=\"container\">\n\t\t\t\t<div class=\"elementor-element elementor-element-1640ba7 toggle-img elementor-widget elementor-widget-image\" data-id=\"1640ba7\" data-element_type=\"widget\" data-e-type=\"widget\" data-widget_type=\"image.default\">\n\t\t\t\t\t\t\t\t\t\t\t\t\t\t\t<img fetchpriority=\"high\" decoding=\"async\" width=\"800\" height=\"727\" src=\"https:\/\/genyum.com\/wp-content\/uploads\/2026\/03\/250327_GENYUM_IMG_GAMA-2-1024x931.webp\" class=\"attachment-large size-large wp-image-5239\" alt=\"Familia de Fragancias Genyum\" srcset=\"https:\/\/genyum.com\/wp-content\/uploads\/2026\/03\/250327_GENYUM_IMG_GAMA-2-1024x931.webp 1024w, https:\/\/genyum.com\/wp-content\/uploads\/2026\/03\/250327_GENYUM_IMG_GAMA-2-300x273.webp 300w, https:\/\/genyum.com\/wp-content\/uploads\/2026\/03\/250327_GENYUM_IMG_GAMA-2-768x698.webp 768w, https:\/\/genyum.com\/wp-content\/uploads\/2026\/03\/250327_GENYUM_IMG_GAMA-2-1536x1396.webp 1536w, https:\/\/genyum.com\/wp-content\/uploads\/2026\/03\/250327_GENYUM_IMG_GAMA-2-13x12.webp 13w, https:\/\/genyum.com\/wp-content\/uploads\/2026\/03\/250327_GENYUM_IMG_GAMA-2-600x545.webp 600w, https:\/\/genyum.com\/wp-content\/uploads\/2026\/03\/250327_GENYUM_IMG_GAMA-2.webp 1920w\" sizes=\"(max-width: 800px) 100vw, 800px\" \/>\t\t\t\t\t\t\t\t\t\t\t\t\t\t\t<\/div>\n\t\t\t\t<\/div>\n\t\t<div class=\"elementor-element elementor-element-3e5d988 e-con-full e-flex e-con e-child\" data-id=\"3e5d988\" data-element_type=\"container\" data-e-type=\"container\">\n\t\t\t\t<div class=\"elementor-element elementor-element-601ffbd e-n-tabs-mobile elementor-widget elementor-widget-n-tabs\" data-id=\"601ffbd\" data-element_type=\"widget\" data-e-type=\"widget\" data-widget_type=\"nested-tabs.default\">\n\t\t\t\t\t\t\t<div class=\"e-n-tabs\" data-widget-number=\"100794301\" aria-label=\"Pesta\u00f1as. Abre elementos con Intro o Espacio, ci\u00e9rralos con Escape y navega con las fechas.\">\n\t\t\t<div class=\"e-n-tabs-heading\" role=\"tablist\">\n\t\t\t\t\t<button id=\"e-n-tab-title-1007943011\" data-tab-title-id=\"e-n-tab-title-1007943011\" class=\"e-n-tab-title\" aria-selected=\"true\" data-tab-index=\"1\" role=\"tab\" tabindex=\"0\" aria-controls=\"e-n-tab-content-1007943011\" style=\"--n-tabs-title-order: 1;\">\n\t\t\t\t\t\t<span class=\"e-n-tab-title-text\">\n\t\t\t\tmanifiesto\t\t\t<\/span>\n\t\t<\/button>\n\t\t\t\t<button id=\"e-n-tab-title-1007943012\" data-tab-title-id=\"e-n-tab-title-1007943012\" class=\"e-n-tab-title\" aria-selected=\"false\" data-tab-index=\"2\" role=\"tab\" tabindex=\"-1\" aria-controls=\"e-n-tab-content-1007943012\" style=\"--n-tabs-title-order: 2;\">\n\t\t\t\t\t\t<span class=\"e-n-tab-title-text\">\n\t\t\t\tla creadora\t\t\t<\/span>\n\t\t<\/button>\n\t\t\t\t<button id=\"e-n-tab-title-1007943013\" data-tab-title-id=\"e-n-tab-title-1007943013\" class=\"e-n-tab-title\" aria-selected=\"false\" data-tab-index=\"3\" role=\"tab\" tabindex=\"-1\" aria-controls=\"e-n-tab-content-1007943013\" style=\"--n-tabs-title-order: 3;\">\n\t\t\t\t\t\t<span class=\"e-n-tab-title-text\">\n\t\t\t\tcuidamos<br> el planeta\t\t\t<\/span>\n\t\t<\/button>\n\t\t\t\t\t<\/div>\n\t\t\t<div class=\"e-n-tabs-content\">\n\t\t\t\t<div id=\"e-n-tab-content-1007943011\" role=\"tabpanel\" aria-labelledby=\"e-n-tab-title-1007943011\" data-tab-index=\"1\" style=\"--n-tabs-title-order: 1;\" class=\"e-active elementor-element elementor-element-0446dec e-flex e-con-boxed e-con e-child\" data-id=\"0446dec\" data-element_type=\"container\" data-e-type=\"container\">\n\t\t\t\t\t<div class=\"e-con-inner\">\n\t\t\t\t<div class=\"elementor-element elementor-element-6766913 elementor-widget__width-initial elementor-widget elementor-widget-text-editor\" data-id=\"6766913\" data-element_type=\"widget\" data-e-type=\"widget\" data-widget_type=\"text-editor.default\">\n\t\t\t\t\t\t\t\t\t<p class=\"margin-int-parrag\">Artistas. Visionarios que luch\u00e1is por las realidades futuras, que so\u00f1\u00e1is con un presente diferente.<\/p><p>Vosotros que no pod\u00e9is vivir sin respirar libertad.<\/p><p class=\"margin-int-parrag\">Vosotros que os asfixian las normas sociales, los dogmas, los intereses econ\u00f3micos, la vulgaridad\u2026<\/p><p class=\"margin-int-parrag\">Vosotros que os herman\u00e1is con los que luchan por vivir creando.<\/p><p class=\"margin-int-parrag\">Vosotros que vuestras huellas perduran en el tiempo, que abrir\u00e9is caminos hacia un mundo mejor.<\/p><p class=\"margin-int-parrag\">Vosotros que armados con pinceles, plumas, cinceles y sopletes; con m\u00fasica y movimiento, luch\u00e1is para preservar la autenticidad y la belleza.<\/p><p class=\"margin-int-parrag\">Vosotros que convert\u00eds en banal todo lo que os intenta silenciar, controlar, y ten\u00e9is la valent\u00eda de renunciar a ello.<\/p><p class=\"margin-int-parrag\">Genios. Dejad que nos acerquemos a vosotros, queremos oleros y impregnarnos de vuestro esp\u00edritu para formar parte de vuestro universo.<\/p><p class=\"margin-int-parrag\">Oler vuestras manos, vuestros estudios, los materiales, utensilios, vuestra inspiraci\u00f3n y volar con la imaginaci\u00f3n para comprender vuestro genio.<\/p><p class=\"margin-int-parrag\">Dejadnos compartir vuestro olor con la generosidad que compart\u00eds vuestro arte. Acompa\u00f1aros en vuestro camino, sin l\u00edmites, con la cara al viento, impulsados por la ilusi\u00f3n de crear.<\/p><p>Genyum nos inspira.<\/p>\t\t\t\t\t\t\t\t<\/div>\n\t\t\t\t\t<\/div>\n\t\t\t\t<\/div>\n\t\t<div id=\"e-n-tab-content-1007943012\" role=\"tabpanel\" aria-labelledby=\"e-n-tab-title-1007943012\" data-tab-index=\"2\" style=\"--n-tabs-title-order: 2;\" class=\" elementor-element elementor-element-6ac3681 e-con-full e-flex e-con e-child\" data-id=\"6ac3681\" data-element_type=\"container\" data-e-type=\"container\">\n\t\t\t\t<div class=\"elementor-element elementor-element-f2bcb99 elementor-widget__width-initial elementor-widget elementor-widget-text-editor\" data-id=\"f2bcb99\" data-element_type=\"widget\" data-e-type=\"widget\" data-widget_type=\"text-editor.default\">\n\t\t\t\t\t\t\t\t\t<p class=\"margin-int-parrag\">Genyum nace en el taller de un escultor, un espacio rodeado por la fuerza de los materiales y el dominio de la forma. Hierro, cobre, metales domados por el fuego gracias a la genialidad de un artista. El entorno explica el recorrido de la creaci\u00f3n de la obra de arte, que contiene la esencia, la intenci\u00f3n final. De esta esencia surgen los perfumes Genyum.<\/p><p>La atracci\u00f3n de Anna Torrents por los universos olfativos es inherente a su naturaleza. Su curiosidad hacia el mundo del arte que, por circunstancias familiares le ha sido siempre muy pr\u00f3xima, le ha acercado a diferentes artistas para sentir y capturar las notas olfativas de sus lugares de creaci\u00f3n, para observar sus rituales, sus gestos, los fetiches que los estimulan y vivir y sentir como ellos, inspirando el olor de los talleres.<\/p>\t\t\t\t\t\t\t\t<\/div>\n\t\t\t\t<\/div>\n\t\t<div id=\"e-n-tab-content-1007943013\" role=\"tabpanel\" aria-labelledby=\"e-n-tab-title-1007943013\" data-tab-index=\"3\" style=\"--n-tabs-title-order: 3;\" class=\" elementor-element elementor-element-22bbf69 e-con-full e-flex e-con e-child\" data-id=\"22bbf69\" data-element_type=\"container\" data-e-type=\"container\">\n\t\t\t\t<div class=\"elementor-element elementor-element-de65e19 elementor-widget elementor-widget-heading\" data-id=\"de65e19\" data-element_type=\"widget\" data-e-type=\"widget\" data-widget_type=\"heading.default\">\n\t\t\t\t\t<h2 class=\"elementor-heading-title elementor-size-default\">CONTRIBUIMOS AL EQUILIBRO DEL PLANETA<\/h2>\t\t\t\t<\/div>\n\t\t\t\t<div class=\"elementor-element elementor-element-a896506 elementor-widget__width-initial elementor-widget elementor-widget-text-editor\" data-id=\"a896506\" data-element_type=\"widget\" data-e-type=\"widget\" data-widget_type=\"text-editor.default\">\n\t\t\t\t\t\t\t\t\t<p class=\"margin-int-parrag\">Nuestro compromiso con las personas y el planeta es una doctrina que rige nuestras vidas y nuestro trabajo. No concebimos otra forma de contribuir al equilibrio del planeta.<\/p><p class=\"margin-int-parrag\">Creamos nuestras esencias pensando en ello. Las desarrollamos siguiendo unos est\u00e1ndares estrictos en cuanto a seguridad, sostenibilidad, \u00e9tica y transparencia en la producci\u00f3n y cadena de suministro.<\/p><p class=\"margin-int-parrag\">Nuestras esencias y sus ingredientes son veganos y no est\u00e1n testados en animales.<\/p><p class=\"margin-int-parrag\">Nuestras esencias son seguras para vosotros y para el medio ambiente.<br \/>Los ingredientes que utilizamos, mayoritariamente, provienen de la naturaleza, ocasionalmente, por respeto a ella, recurrimos a los sint\u00e9ticos que recrean componentes del mundo animal y nos permiten desplegar un abanico maravilloso para la creaci\u00f3n de nuevos perfumes.<\/p><p class=\"margin-int-parrag\">Nuestras fragancias no contienen sulfatos, PCMs, parabenos y flates.<\/p><p class=\"margin-int-parrag\">Nuestro packaging est\u00e1 hecho con materiales reciclables, y producido por productores locales.<\/p><p>Los ingredientes que usamos se cultivan, recolectan, extraen y crean bajo condiciones sostenibles y contribuyendo al bienestar de las comunidades locales. Nuestros colaboradores cumplen con los est\u00e1ndares de Good Manufacturing process.<\/p>\t\t\t\t\t\t\t\t<\/div>\n\t\t\t\t<\/div>\n\t\t\t\t\t<\/div>\n\t\t<\/div>\n\t\t\t\t\t\t<\/div>\n\t\t\t\t<div class=\"elementor-element elementor-element-23c19d3 elementor-widget elementor-widget-html\" data-id=\"23c19d3\" data-element_type=\"widget\" data-e-type=\"widget\" data-widget_type=\"html.default\">\n\t\t\t\t\t<script>\r\n    jQuery(function() {\r\nconst img = \"https:\/\/genyum.com\/wp-content\/uploads\/2024\/12\/manifiesto-fragancias-nosotros.jpg\";\r\n  jQuery(\"#e-n-tab-title-1007943011\").click(function(){\r\n    jQuery(\".toggle-img img\").attr('srcset',img);\r\n     jQuery(\".toggle-img img\").attr('src',img);\r\n  });\r\n});\r\n\r\n jQuery(function() {\r\nconst img = \"https:\/\/genyum.com\/wp-content\/uploads\/2024\/08\/CHESTER-2b-1.jpg\";\r\n  jQuery(\"#e-n-tab-title-1007943012\").click(function(){\r\n    jQuery(\".toggle-img img\").attr('srcset',img);\r\n     jQuery(\".toggle-img img\").attr('src',img);\r\n  });\r\n});\r\n\r\njQuery(function() {\r\nconst img = \"https:\/\/genyum.com\/wp-content\/uploads\/2024\/11\/genyum-11-1.jpg\";\r\n  jQuery(\"#e-n-tab-title-1007943013\").click(function(){\r\n    jQuery(\".toggle-img img\").attr('srcset',img);\r\n     jQuery(\".toggle-img img\").attr('src',img);\r\n  });\r\n});\r\n<\/script>\r\n\t\t\t\t<\/div>\n\t\t\t\t<\/div>\n\t\t\t\t<\/div>\n\t\t<div class=\"elementor-element elementor-element-f23c442 elementor-hidden-desktop elementor-hidden-tablet e-flex e-con-boxed e-con e-parent\" data-id=\"f23c442\" data-element_type=\"container\" data-e-type=\"container\">\n\t\t\t\t\t<div class=\"e-con-inner\">\n\t\t\t\t<div class=\"elementor-element elementor-element-cc9ca67 elementor-widget elementor-widget-html\" data-id=\"cc9ca67\" data-element_type=\"widget\" data-e-type=\"widget\" data-widget_type=\"html.default\">\n\t\t\t\t\t<select name=\"SobreNosotros\" id=\"SobreNosotros\">\r\n  <option value=\"manifiesto\">MANIFIESTO<\/option>\r\n  <option value=\"creadora\">LA CREADORA<\/option>\r\n  <option value=\"cuidamos\">CUIDAMOS EL PLANETA<\/option>\r\n<\/select>\t\t\t\t<\/div>\n\t\t<div class=\"elementor-element elementor-element-9923ec3 e-con-full hideOnPageLoad e-flex e-con e-child\" data-id=\"9923ec3\" data-element_type=\"container\" data-e-type=\"container\" id=\"manifiesto\">\n\t\t<div class=\"elementor-element elementor-element-8e43b6d e-con-full e-flex e-con e-child\" data-id=\"8e43b6d\" data-element_type=\"container\" data-e-type=\"container\">\n\t\t\t\t<div class=\"elementor-element elementor-element-043b12b elementor-widget elementor-widget-image\" data-id=\"043b12b\" data-element_type=\"widget\" data-e-type=\"widget\" data-widget_type=\"image.default\">\n\t\t\t\t\t\t\t\t\t\t\t\t\t\t\t<img decoding=\"async\" width=\"800\" height=\"727\" src=\"https:\/\/genyum.com\/wp-content\/uploads\/2025\/07\/250327_GENYUM_IMG_GAMA-2-scaled.jpg\" class=\"attachment-large size-large wp-image-4256\" alt=\"\" \/>\t\t\t\t\t\t\t\t\t\t\t\t\t\t\t<\/div>\n\t\t\t\t<\/div>\n\t\t<div class=\"elementor-element elementor-element-6f0ca4a e-con-full e-flex e-con e-child\" data-id=\"6f0ca4a\" data-element_type=\"container\" data-e-type=\"container\">\n\t\t\t\t<div class=\"elementor-element elementor-element-9f501d2 elementor-widget elementor-widget-text-editor\" data-id=\"9f501d2\" data-element_type=\"widget\" data-e-type=\"widget\" data-widget_type=\"text-editor.default\">\n\t\t\t\t\t\t\t\t\t<p>Artistas. Visionarios que luch\u00e1is por las realidades futuras, que so\u00f1\u00e1is con un presente diferente.<\/p><p>Vosotros que no pod\u00e9is vivir sin respirar libertad.<\/p><p>Vosotros que os asfixian las normas sociales, los dogmas, los intereses econ\u00f3micos, la vulgaridad\u2026<\/p><p>Vosotros que os herman\u00e1is con los que luchan por vivir creando.<\/p><p>Vosotros que vuestras huellas perduran en el tiempo, que abrir\u00e9is caminos hacia un mundo mejor.<\/p><p>Vosotros que armados con pinceles, plumas, cinceles y sopletes; con m\u00fasica y movimiento, luch\u00e1is para preservar la autenticidad y la belleza.<\/p><p>Vosotros que convert\u00eds en banal todo lo que os intenta silenciar, controlar, y ten\u00e9is la valent\u00eda de renunciar a ello.<\/p><p>Genios. Dejad que nos acerquemos a vosotros, queremos oleros y impregnarnos de vuestro esp\u00edritu para formar parte de vuestro universo.<\/p><p>Oler vuestras manos, vuestros estudios, los materiales, utensilios, vuestra inspiraci\u00f3n y volar con la imaginaci\u00f3n para comprender vuestro genio.<\/p><p>Dejadnos compartir vuestro olor con la generosidad que compart\u00eds vuestro arte. Acompa\u00f1aros en vuestro camino, sin l\u00edmites, con la cara al viento, impulsados por la ilusi\u00f3n de crear.<\/p><p>Genyum nos inspira.<br \/><br \/><br \/><br \/><br \/><br \/><\/p>\t\t\t\t\t\t\t\t<\/div>\n\t\t\t\t<\/div>\n\t\t\t\t<\/div>\n\t\t<div class=\"elementor-element elementor-element-cd324c9 e-con-full hideOnPageLoad e-flex e-con e-child\" data-id=\"cd324c9\" data-element_type=\"container\" data-e-type=\"container\" id=\"creadora\">\n\t\t<div class=\"elementor-element elementor-element-07a2f9a e-con-full e-flex e-con e-child\" data-id=\"07a2f9a\" data-element_type=\"container\" data-e-type=\"container\">\n\t\t\t\t<div class=\"elementor-element elementor-element-a5391cd elementor-widget elementor-widget-image\" data-id=\"a5391cd\" data-element_type=\"widget\" data-e-type=\"widget\" data-widget_type=\"image.default\">\n\t\t\t\t\t\t\t\t\t\t\t\t\t\t\t<img decoding=\"async\" width=\"713\" height=\"900\" src=\"https:\/\/genyum.com\/wp-content\/uploads\/2024\/08\/CHESTER-2b-1.jpg\" class=\"attachment-large size-large wp-image-472\" alt=\"\" srcset=\"https:\/\/genyum.com\/wp-content\/uploads\/2024\/08\/CHESTER-2b-1.jpg 713w, https:\/\/genyum.com\/wp-content\/uploads\/2024\/08\/CHESTER-2b-1-238x300.webp 238w, https:\/\/genyum.com\/wp-content\/uploads\/2024\/08\/CHESTER-2b-1-10x12.webp 10w, https:\/\/genyum.com\/wp-content\/uploads\/2024\/08\/CHESTER-2b-1-300x379.webp 300w, https:\/\/genyum.com\/wp-content\/uploads\/2024\/08\/CHESTER-2b-1-600x757.webp 600w\" sizes=\"(max-width: 713px) 100vw, 713px\" \/>\t\t\t\t\t\t\t\t\t\t\t\t\t\t\t<\/div>\n\t\t\t\t<\/div>\n\t\t<div class=\"elementor-element elementor-element-9cd24e7 e-con-full e-flex e-con e-child\" data-id=\"9cd24e7\" data-element_type=\"container\" data-e-type=\"container\">\n\t\t\t\t<div class=\"elementor-element elementor-element-f33283d elementor-widget elementor-widget-text-editor\" data-id=\"f33283d\" data-element_type=\"widget\" data-e-type=\"widget\" data-widget_type=\"text-editor.default\">\n\t\t\t\t\t\t\t\t\t<p>Genyum nace en el taller de un escultor, un espacio rodeado por la fuerza de los materiales y el dominio de la forma. Hierro, cobre, metales domados por el fuego gracias a la genialidad de un artista. El entorno explica el recorrido de la creaci\u00f3n de la obra de arte, que contiene la esencia, la intenci\u00f3n final. De esta esencia surgen los perfumes Genyum.<\/p><p>La atracci\u00f3n de Anna Torrents por los universos olfativos es inherente a su naturaleza. Su curiosidad hacia el mundo del arte que, por circunstancias familiares le ha sido siempre muy pr\u00f3xima, le ha acercado a diferentes artistas para sentir y capturar las notas olfativas de sus lugares de creaci\u00f3n, para observar sus rituales, sus gestos, los fetiches que los estimulan y vivir y sentir como ellos, inspirando el olor de los talleres.<\/p>\t\t\t\t\t\t\t\t<\/div>\n\t\t\t\t<\/div>\n\t\t\t\t<\/div>\n\t\t<div class=\"elementor-element elementor-element-75eeda3 e-con-full hideOnPageLoad e-flex e-con e-child\" data-id=\"75eeda3\" data-element_type=\"container\" data-e-type=\"container\" id=\"cuidamos\">\n\t\t<div class=\"elementor-element elementor-element-e353daa e-con-full e-flex e-con e-child\" data-id=\"e353daa\" data-element_type=\"container\" data-e-type=\"container\">\n\t\t\t\t<div class=\"elementor-element elementor-element-733cd5c elementor-widget elementor-widget-image\" data-id=\"733cd5c\" data-element_type=\"widget\" data-e-type=\"widget\" data-widget_type=\"image.default\">\n\t\t\t\t\t\t\t\t\t\t\t\t\t\t\t<img loading=\"lazy\" decoding=\"async\" width=\"713\" height=\"923\" src=\"https:\/\/genyum.com\/wp-content\/uploads\/2024\/08\/genyum_about_001.webp\" class=\"attachment-large size-large wp-image-473\" alt=\"\" srcset=\"https:\/\/genyum.com\/wp-content\/uploads\/2024\/08\/genyum_about_001.webp 713w, https:\/\/genyum.com\/wp-content\/uploads\/2024\/08\/genyum_about_001-232x300.webp 232w, https:\/\/genyum.com\/wp-content\/uploads\/2024\/08\/genyum_about_001-9x12.webp 9w, https:\/\/genyum.com\/wp-content\/uploads\/2024\/08\/genyum_about_001-300x388.webp 300w, https:\/\/genyum.com\/wp-content\/uploads\/2024\/08\/genyum_about_001-600x777.webp 600w\" sizes=\"(max-width: 713px) 100vw, 713px\" \/>\t\t\t\t\t\t\t\t\t\t\t\t\t\t\t<\/div>\n\t\t\t\t<\/div>\n\t\t<div class=\"elementor-element elementor-element-18c8891 e-con-full e-flex e-con e-child\" data-id=\"18c8891\" data-element_type=\"container\" data-e-type=\"container\">\n\t\t\t\t<div class=\"elementor-element elementor-element-704d92f elementor-widget elementor-widget-heading\" data-id=\"704d92f\" data-element_type=\"widget\" data-e-type=\"widget\" data-widget_type=\"heading.default\">\n\t\t\t\t\t<h2 class=\"elementor-heading-title elementor-size-default\">CONTRIBUIMOS AL EQUILIBRO DEL PLANETA<\/h2>\t\t\t\t<\/div>\n\t\t\t\t<div class=\"elementor-element elementor-element-ba35e5f elementor-widget elementor-widget-text-editor\" data-id=\"ba35e5f\" data-element_type=\"widget\" data-e-type=\"widget\" data-widget_type=\"text-editor.default\">\n\t\t\t\t\t\t\t\t\t<p>Nuestro compromiso con las personas y el planeta es una doctrina que rige nuestras vidas y nuestro trabajo. No concebimos otra forma de contribuir al equilibrio del planeta.<\/p><p>Creamos nuestras esencias pensando en ello. Las desarrollamos siguiendo unos est\u00e1ndares estrictos en cuanto a seguridad, sostenibilidad, \u00e9tica y transparencia en la producci\u00f3n y cadena de suministro.<\/p><p>Nuestras esencias y sus ingredientes son veganos y no est\u00e1n testados en animales.<\/p><p>Nuestras esencias son seguras para vosotros y para el medio ambiente.<br \/>Los ingredientes que utilizamos, mayoritariamente, provienen de la naturaleza, ocasionalmente, por respeto a ella, recurrimos a los sint\u00e9ticos que recrean componentes del mundo animal y nos permiten desplegar un abanico maravilloso para la creaci\u00f3n de nuevos perfumes.<\/p><p>Nuestras fragancias no contienen sulfatos, PCMs, parabenos, flates ni los siguiente ingredientes.<\/p><p>Nuestro packaging est\u00e1 hecho con materiales reciclables, y producido por productores locales.<\/p><p>Los ingredientes que usamos se cultivan, recolectan, extraen y crean bajo condiciones sostenibles y contribuyendo al bienestar de las comunidades locales. Nuestros colaboradores cumplen con los est\u00e1ndares de Good Manufacturing process.<\/p>\t\t\t\t\t\t\t\t<\/div>\n\t\t\t\t<\/div>\n\t\t\t\t<\/div>\n\t\t\t\t<div class=\"elementor-element elementor-element-71134db elementor-widget elementor-widget-html\" data-id=\"71134db\" data-element_type=\"widget\" data-e-type=\"widget\" data-widget_type=\"html.default\">\n\t\t\t\t\t<script>\n(function ($) {\n  $(document).ready(function () {\n \n    $('.hideOnPageLoad').hide();\n\n    $('#manifiesto').show();\n\n    \/\/ Manejar el cambio en el dropdown\n    $('#SobreNosotros').change(function() {\n      $('.hideOnPageLoad').hide();\n      var selectedValue = $(this).val();\n      $('#' + selectedValue).toggle();\n    });\n  });\n})(jQuery);\n<\/script>\t\t\t\t<\/div>\n\t\t\t\t\t<\/div>\n\t\t\t\t<\/div>\n\t\t\t\t<\/div>\n\t\t","protected":false},"excerpt":{"rendered":"<p>manifiesto la creadora cuidamos el planeta Artistas. Visionarios que luch\u00e1is por las realidades futuras, que so\u00f1\u00e1is con un presente diferente. Vosotros que no pod\u00e9is vivir sin respirar libertad. Vosotros que os asfixian las normas sociales, los dogmas, los intereses econ\u00f3micos, la vulgaridad\u2026 Vosotros que os herman\u00e1is con los que luchan por vivir creando. Vosotros que [&hellip;]<\/p>\n","protected":false},"author":1,"featured_media":0,"parent":0,"menu_order":0,"comment_status":"closed","ping_status":"closed","template":"","meta":{"_acf_changed":false,"footnotes":""},"class_list":["post-434","page","type-page","status-publish","hentry"],"acf":[],"_links":{"self":[{"href":"https:\/\/genyum.com\/es\/wp-json\/wp\/v2\/pages\/434","targetHints":{"allow":["GET"]}}],"collection":[{"href":"https:\/\/genyum.com\/es\/wp-json\/wp\/v2\/pages"}],"about":[{"href":"https:\/\/genyum.com\/es\/wp-json\/wp\/v2\/types\/page"}],"author":[{"embeddable":true,"href":"https:\/\/genyum.com\/es\/wp-json\/wp\/v2\/users\/1"}],"replies":[{"embeddable":true,"href":"https:\/\/genyum.com\/es\/wp-json\/wp\/v2\/comments?post=434"}],"version-history":[{"count":5,"href":"https:\/\/genyum.com\/es\/wp-json\/wp\/v2\/pages\/434\/revisions"}],"predecessor-version":[{"id":5243,"href":"https:\/\/genyum.com\/es\/wp-json\/wp\/v2\/pages\/434\/revisions\/5243"}],"wp:attachment":[{"href":"https:\/\/genyum.com\/es\/wp-json\/wp\/v2\/media?parent=434"}],"curies":[{"name":"wp","href":"https:\/\/api.w.org\/{rel}","templated":true}]}}