{"id":3,"date":"2024-07-24T12:24:45","date_gmt":"2024-07-24T10:24:45","guid":{"rendered":"https:\/\/genyum.com\/?page_id=3"},"modified":"2026-03-19T06:22:25","modified_gmt":"2026-03-19T05:22:25","slug":"politica-privacidad","status":"publish","type":"page","link":"https:\/\/genyum.com\/es\/politica-privacidad\/","title":{"rendered":"Pol\u00edtica de privacidad"},"content":{"rendered":"\t\t<div data-elementor-type=\"wp-page\" data-elementor-id=\"3\" class=\"elementor elementor-3\" data-elementor-post-type=\"page\">\n\t\t\t\t<div class=\"elementor-element elementor-element-83c6577 e-con-full e-flex e-con e-parent\" data-id=\"83c6577\" data-element_type=\"container\" data-e-type=\"container\">\n\t\t<div class=\"elementor-element elementor-element-2e9feac e-con-full elementor-hidden-tablet elementor-hidden-mobile e-flex e-con e-child\" data-id=\"2e9feac\" data-element_type=\"container\" data-e-type=\"container\" data-settings=\"{&quot;background_background&quot;:&quot;classic&quot;}\">\n\t\t\t\t<\/div>\n\t\t<div class=\"elementor-element elementor-element-6cd6524 e-con-full e-flex e-con e-child\" data-id=\"6cd6524\" data-element_type=\"container\" data-e-type=\"container\">\n\t\t\t\t<div class=\"elementor-element elementor-element-06f9721 e-n-tabs-none elementor-widget-mobile__width-inherit elementor-widget elementor-widget-n-tabs\" data-id=\"06f9721\" data-element_type=\"widget\" data-e-type=\"widget\" data-settings=\"{&quot;tabs_justify_horizontal_mobile&quot;:&quot;stretch&quot;,&quot;horizontal_scroll_mobile&quot;:&quot;disable&quot;}\" data-widget_type=\"nested-tabs.default\">\n\t\t\t\t\t\t\t<div class=\"e-n-tabs\" data-widget-number=\"7313185\" aria-label=\"Pesta\u00f1as. Abre elementos con Intro o Espacio, ci\u00e9rralos con Escape y navega con las fechas.\">\n\t\t\t<div class=\"e-n-tabs-heading\" role=\"tablist\">\n\t\t\t\t\t<button id=\"e-n-tab-title-73131851\" data-tab-title-id=\"e-n-tab-title-73131851\" class=\"e-n-tab-title\" aria-selected=\"true\" data-tab-index=\"1\" role=\"tab\" tabindex=\"0\" aria-controls=\"e-n-tab-content-73131851\" style=\"--n-tabs-title-order: 1;\">\n\t\t\t\t\t\t<span class=\"e-n-tab-title-text\">\n\t\t\t\tPROTECCI\u00d3N <br>DE DATOS DE <br>CAR\u00c1CTER <br>PERSONAL\t\t\t<\/span>\n\t\t<\/button>\n\t\t\t\t<button id=\"e-n-tab-title-73131852\" data-tab-title-id=\"e-n-tab-title-73131852\" class=\"e-n-tab-title\" aria-selected=\"false\" data-tab-index=\"2\" role=\"tab\" tabindex=\"-1\" aria-controls=\"e-n-tab-content-73131852\" style=\"--n-tabs-title-order: 2;\">\n\t\t\t\t\t\t<span class=\"e-n-tab-title-text\">\n\t\t\t\tPLAZO DE <br>CONSERVACI\u00d3N\t\t\t<\/span>\n\t\t<\/button>\n\t\t\t\t<button id=\"e-n-tab-title-73131853\" data-tab-title-id=\"e-n-tab-title-73131853\" class=\"e-n-tab-title\" aria-selected=\"false\" data-tab-index=\"3\" role=\"tab\" tabindex=\"-1\" aria-controls=\"e-n-tab-content-73131853\" style=\"--n-tabs-title-order: 3;\">\n\t\t\t\t\t\t<span class=\"e-n-tab-title-text\">\n\t\t\t\tEJERCICIO DE<br> DERECHOS \u2028Y <br>RECLAMACIONES <br>ANTE\u2028 LA AEPD\t\t\t<\/span>\n\t\t<\/button>\n\t\t\t\t<button id=\"e-n-tab-title-73131854\" data-tab-title-id=\"e-n-tab-title-73131854\" class=\"e-n-tab-title\" aria-selected=\"false\" data-tab-index=\"4\" role=\"tab\" tabindex=\"-1\" aria-controls=\"e-n-tab-content-73131854\" style=\"--n-tabs-title-order: 4;\">\n\t\t\t\t\t\t<span class=\"e-n-tab-title-text\">\n\t\t\t\tCONFIDENCIALIDAD\u2028<br> Y SEGURIDAD<br> EN EL <br>TRATAMIENTO<br> DE DATOS\t\t\t<\/span>\n\t\t<\/button>\n\t\t\t\t<button id=\"e-n-tab-title-73131855\" data-tab-title-id=\"e-n-tab-title-73131855\" class=\"e-n-tab-title\" aria-selected=\"false\" data-tab-index=\"5\" role=\"tab\" tabindex=\"-1\" aria-controls=\"e-n-tab-content-73131855\" style=\"--n-tabs-title-order: 5;\">\n\t\t\t\t\t\t<span class=\"e-n-tab-title-text\">\n\t\t\t\tREDES SOCIALES\t\t\t<\/span>\n\t\t<\/button>\n\t\t\t\t\t<\/div>\n\t\t\t<div class=\"e-n-tabs-content\">\n\t\t\t\t<div id=\"e-n-tab-content-73131851\" role=\"tabpanel\" aria-labelledby=\"e-n-tab-title-73131851\" data-tab-index=\"1\" style=\"--n-tabs-title-order: 1;\" class=\"e-active elementor-element elementor-element-c913d34 e-flex e-con-boxed e-con e-child\" data-id=\"c913d34\" data-element_type=\"container\" data-e-type=\"container\">\n\t\t\t\t\t<div class=\"e-con-inner\">\n\t\t\t\t<div class=\"elementor-element elementor-element-cc72220 elementor-widget elementor-widget-text-editor\" data-id=\"cc72220\" data-element_type=\"widget\" data-e-type=\"widget\" data-widget_type=\"text-editor.default\">\n\t\t\t\t\t\t\t\t\t<p class=\"margin-int-parrag\">El Usuario podr\u00e1 remitir a GENYUM FRAGRANCES, S.L., con CIF B13971114 con direcci\u00f3n en Carrer de les Moles 10, 2\u00ba 3\u00aa\u2013 Barcelona (Espa\u00f1a), sus datos a trav\u00e9s de los distintos formularios que a tal efecto aparecen incorporados en la p\u00e1gina Web:<\/p><h3 class=\"margin-int-title-one\">CONTACTO<\/h3><p class=\"margin-int-parrag\">\u2013 Mantener y gestionar el contacto con Vd.<br \/>\u2013 Responder a las consultas que nos remita<\/p><h3 class=\"margin-int-title-two\">NEWSLETTER<\/h3><p class=\"margin-int-parrag\">\u2013 Darte de alta en la newsletter<br \/>\u2013 Gestionar el env\u00edo de la newsletter<br \/>\u2013 Realizar estudios estad\u00edsticos<\/p><h3 class=\"margin-int-title-two\">INFORMACI\u00d3N OBTENIDA\u2028 A TRAV\u00c9S DE REDES SOCIALES<\/h3><p class=\"margin-int-parrag\">Enviarle informaci\u00f3n personalizada de acuerdo a sus gustos y preferencias que Vd. haya podido manifestar mediante el acceso a determinadas \u00e1reas de la web, as\u00ed como informaci\u00f3n suministrada a trav\u00e9s de las redes sociales en las que\u00a0GENYUM\u00a0FRAGRANCES,\u00a0S.L.\u00a0tiene presencia, en caso de Vd. haya marcado esta opci\u00f3n.<\/p><p class=\"margin-int-parrag\">Dichos formularios incluyen informaci\u00f3n concreta sobre las finalidades para las que sus datos ser\u00e1n tratados, en cumplimiento a las exigencias establecidas en el Reglamento General de Protecci\u00f3n de Datos (RGPD) y restante legislaci\u00f3n vigente en materia de protecci\u00f3n de datos de car\u00e1cter personal. Sus datos personales ser\u00e1n tratados por\u00a0GENYUM\u00a0FRAGRANCES,\u00a0S.L. de forma confidencial y solo para aquellas finalidades que usted haya consentido.<\/p><p class=\"margin-int-parrag\">Sus datos no ser\u00e1n comunicados a terceros, salvo que se especifique lo contrario en el formulario. Dicho tratamiento se basa en su consentimiento.<\/p><p>En caso de que quieran cederse los datos a otras empresas, deber\u00e1 indicarse.<\/p>\t\t\t\t\t\t\t\t<\/div>\n\t\t\t\t\t<\/div>\n\t\t\t\t<\/div>\n\t\t<div id=\"e-n-tab-content-73131852\" role=\"tabpanel\" aria-labelledby=\"e-n-tab-title-73131852\" data-tab-index=\"2\" style=\"--n-tabs-title-order: 2;\" class=\" elementor-element elementor-element-d9fca5b e-flex e-con-boxed e-con e-child\" data-id=\"d9fca5b\" data-element_type=\"container\" data-e-type=\"container\">\n\t\t\t\t\t<div class=\"e-con-inner\">\n\t\t\t\t<div class=\"elementor-element elementor-element-7a4fb8d elementor-widget__width-initial elementor-widget elementor-widget-text-editor\" data-id=\"7a4fb8d\" data-element_type=\"widget\" data-e-type=\"widget\" data-widget_type=\"text-editor.default\">\n\t\t\t\t\t\t\t\t\t<p class=\"margin-int-parrag\">Sus datos se conservar\u00e1n durante el m\u00ednimo legal y que\u2028se definir\u00e1 concretamente en cada formulario de contacto concreto, salvo que usted consienta que se conserve durante un plazo superior, sin perjuicio de conservaci\u00f3n\u2028y mantenimiento bajo el debido bloqueo para su puesta\u2028a disposici\u00f3n de las autoridades.<\/p>\n\nDicho tratamiento se basa en su consentimiento. Recuerde que puede retirar su consentimiento en cualquier momento.\t\t\t\t\t\t\t\t<\/div>\n\t\t\t\t\t<\/div>\n\t\t\t\t<\/div>\n\t\t<div id=\"e-n-tab-content-73131853\" role=\"tabpanel\" aria-labelledby=\"e-n-tab-title-73131853\" data-tab-index=\"3\" style=\"--n-tabs-title-order: 3;\" class=\" elementor-element elementor-element-bab1703 e-flex e-con-boxed e-con e-child\" data-id=\"bab1703\" data-element_type=\"container\" data-e-type=\"container\">\n\t\t\t\t\t<div class=\"e-con-inner\">\n\t\t\t\t<div class=\"elementor-element elementor-element-952e597 elementor-widget__width-initial elementor-widget elementor-widget-text-editor\" data-id=\"952e597\" data-element_type=\"widget\" data-e-type=\"widget\" data-widget_type=\"text-editor.default\">\n\t\t\t\t\t\t\t\t\t<p class=\"margin-int-parrag\">Puede ejercer sus derechos de acceso, rectificaci\u00f3n, supresi\u00f3n, limitaci\u00f3n y\/o portabilidad, as\u00ed como efectuar cualquier consulta o sugerencia en relaci\u00f3n con el tratamiento de sus datos de car\u00e1cter personal, dirigi\u00e9ndose al Delegado de Protecci\u00f3n de Datos (DPD) a trav\u00e9s de alguno de los siguientes medios, acompa\u00f1ando copia de su DNI o documento identificativo equivalente:<\/p><p class=\"margin-int-parrag\">1. Mediante correo electr\u00f3nico que deber\u00e1 dirigir a la direcci\u00f3n\u00a0<a href=\"mailto:genyum@genyum.com\">contact@genyum.com<\/a><\/p><p class=\"margin-int-parrag\">2. Correo postal dirigido a\u00a0GENYUM\u00a0FRAGRANCES,\u00a0S.L., con direcci\u00f3n en\u00a0Calle de les Moles 10, 2\u00ba 3\u00aa\u2013 Barcelona (Espa\u00f1a).<\/p><p>Tiene derecho a presentar una reclamaci\u00f3n ante la Agencia Espa\u00f1ola de Protecci\u00f3n de Datos (AEPD), autoridad competente en materia de protecci\u00f3n de datos por escrito dirigido a la sede de dicho organismo.<\/p>\t\t\t\t\t\t\t\t<\/div>\n\t\t\t\t\t<\/div>\n\t\t\t\t<\/div>\n\t\t<div id=\"e-n-tab-content-73131854\" role=\"tabpanel\" aria-labelledby=\"e-n-tab-title-73131854\" data-tab-index=\"4\" style=\"--n-tabs-title-order: 4;\" class=\" elementor-element elementor-element-e6c02d0 e-flex e-con-boxed e-con e-child\" data-id=\"e6c02d0\" data-element_type=\"container\" data-e-type=\"container\">\n\t\t\t\t\t<div class=\"e-con-inner\">\n\t\t\t\t<div class=\"elementor-element elementor-element-b6ea51c elementor-widget__width-initial elementor-widget elementor-widget-text-editor\" data-id=\"b6ea51c\" data-element_type=\"widget\" data-e-type=\"widget\" data-widget_type=\"text-editor.default\">\n\t\t\t\t\t\t\t\t\t<p>La informaci\u00f3n recibida por GENYUM FRAGRANCES S.L., a trav\u00e9s de la presente p\u00e1gina Web ser\u00e1 tratada con la m\u00e1xima reserva y confidencialidad. Asimismo, GENYUM FRAGRANCES S.L\u00a0declara y garantiza que ha establecido todos los medios t\u00e9cnicos a su alcance para evitar la p\u00e9rdida, mal uso, alteraci\u00f3n, acceso no autorizado y robo de los datos facilitados por los usuarios, sin perjuicio de informar que las medidas de seguridad en Internet no son inexpugnables.<\/p>\t\t\t\t\t\t\t\t<\/div>\n\t\t\t\t\t<\/div>\n\t\t\t\t<\/div>\n\t\t<div id=\"e-n-tab-content-73131855\" role=\"tabpanel\" aria-labelledby=\"e-n-tab-title-73131855\" data-tab-index=\"5\" style=\"--n-tabs-title-order: 5;\" class=\" elementor-element elementor-element-c3b80aa e-flex e-con-boxed e-con e-child\" data-id=\"c3b80aa\" data-element_type=\"container\" data-e-type=\"container\">\n\t\t\t\t\t<div class=\"e-con-inner\">\n\t\t\t\t<div class=\"elementor-element elementor-element-45de198 elementor-widget__width-initial elementor-widget elementor-widget-text-editor\" data-id=\"45de198\" data-element_type=\"widget\" data-e-type=\"widget\" data-widget_type=\"text-editor.default\">\n\t\t\t\t\t\t\t\t\t<p>El usuario podr\u00e1 unirse a los Grupos que GENYUM FRAGRANCES S.L\u00a0tiene en distintas redes sociales. El usuario que se haga fan de alguno de estos Grupos, acepta las condiciones de uso y pol\u00edtica de privacidad de la red social correspondiente.<\/p>\t\t\t\t\t\t\t\t<\/div>\n\t\t\t\t\t<\/div>\n\t\t\t\t<\/div>\n\t\t\t\t\t<\/div>\n\t\t<\/div>\n\t\t\t\t\t\t<\/div>\n\t\t\t\t<\/div>\n\t\t\t\t<\/div>\n\t\t\t\t<\/div>\n\t\t","protected":false},"excerpt":{"rendered":"<p>PROTECCI\u00d3N DE DATOS DE CAR\u00c1CTER PERSONAL PLAZO DE CONSERVACI\u00d3N EJERCICIO DE DERECHOS \u2028Y RECLAMACIONES ANTE\u2028 LA AEPD CONFIDENCIALIDAD\u2028 Y SEGURIDAD EN EL TRATAMIENTO DE DATOS REDES SOCIALES El Usuario podr\u00e1 remitir a GENYUM FRAGRANCES, S.L., con CIF B13971114 con direcci\u00f3n en Carrer de les Moles 10, 2\u00ba 3\u00aa\u2013 Barcelona (Espa\u00f1a), sus datos a trav\u00e9s de [&hellip;]<\/p>\n","protected":false},"author":1,"featured_media":0,"parent":0,"menu_order":0,"comment_status":"closed","ping_status":"open","template":"","meta":{"_acf_changed":false,"footnotes":""},"class_list":["post-3","page","type-page","status-publish","hentry"],"acf":[],"_links":{"self":[{"href":"https:\/\/genyum.com\/es\/wp-json\/wp\/v2\/pages\/3","targetHints":{"allow":["GET"]}}],"collection":[{"href":"https:\/\/genyum.com\/es\/wp-json\/wp\/v2\/pages"}],"about":[{"href":"https:\/\/genyum.com\/es\/wp-json\/wp\/v2\/types\/page"}],"author":[{"embeddable":true,"href":"https:\/\/genyum.com\/es\/wp-json\/wp\/v2\/users\/1"}],"replies":[{"embeddable":true,"href":"https:\/\/genyum.com\/es\/wp-json\/wp\/v2\/comments?post=3"}],"version-history":[{"count":6,"href":"https:\/\/genyum.com\/es\/wp-json\/wp\/v2\/pages\/3\/revisions"}],"predecessor-version":[{"id":5219,"href":"https:\/\/genyum.com\/es\/wp-json\/wp\/v2\/pages\/3\/revisions\/5219"}],"wp:attachment":[{"href":"https:\/\/genyum.com\/es\/wp-json\/wp\/v2\/media?parent=3"}],"curies":[{"name":"wp","href":"https:\/\/api.w.org\/{rel}","templated":true}]}}