{"id":702,"date":"2024-09-03T17:10:27","date_gmt":"2024-09-03T15:10:27","guid":{"rendered":"https:\/\/genyum.com\/?page_id=702"},"modified":"2025-12-23T16:54:19","modified_gmt":"2025-12-23T15:54:19","slug":"politicas-de-cookies","status":"publish","type":"page","link":"https:\/\/genyum.com\/en\/politicas-de-cookies\/","title":{"rendered":"COOKIES POLICY"},"content":{"rendered":"<div data-elementor-type=\"wp-page\" data-elementor-id=\"702\" class=\"elementor elementor-702\" data-elementor-post-type=\"page\">\n\t\t\t\t<div class=\"elementor-element elementor-element-4bb9125 e-con-full e-flex e-con e-parent\" data-id=\"4bb9125\" data-element_type=\"container\" data-e-type=\"container\">\n\t\t<div class=\"elementor-element elementor-element-1e38e2b e-con-full elementor-hidden-tablet elementor-hidden-mobile e-flex e-con e-child\" data-id=\"1e38e2b\" data-element_type=\"container\" data-e-type=\"container\" data-settings=\"{&quot;background_background&quot;:&quot;classic&quot;}\">\n\t\t\t\t<\/div>\n\t\t<div class=\"elementor-element elementor-element-f63772c e-con-full e-flex e-con e-child\" data-id=\"f63772c\" data-element_type=\"container\" data-e-type=\"container\">\n\t\t\t\t<div class=\"elementor-element elementor-element-20b81eb e-n-tabs-none elementor-widget elementor-widget-n-tabs\" data-id=\"20b81eb\" data-element_type=\"widget\" data-e-type=\"widget\" data-widget_type=\"nested-tabs.default\">\n\t\t\t\t\t\t\t<div class=\"e-n-tabs\" data-widget-number=\"34308587\" aria-label=\"Tabs. Open items with Enter or Space, close with Escape and navigate using the Arrow keys.\">\n\t\t\t<div class=\"e-n-tabs-heading\" role=\"tablist\">\n\t\t\t\t\t<button id=\"e-n-tab-title-343085871\" data-tab-title-id=\"e-n-tab-title-343085871\" class=\"e-n-tab-title\" aria-selected=\"true\" data-tab-index=\"1\" role=\"tab\" tabindex=\"0\" aria-controls=\"e-n-tab-content-343085871\" style=\"--n-tabs-title-order: 1;\">\n\t\t\t\t\t\t<span class=\"e-n-tab-title-text\">\n\t\t\t\tWHAT IS A<br> COOKIE?\t\t\t<\/span>\n\t\t<\/button>\n\t\t\t\t<button id=\"e-n-tab-title-343085872\" data-tab-title-id=\"e-n-tab-title-343085872\" class=\"e-n-tab-title\" aria-selected=\"false\" data-tab-index=\"2\" role=\"tab\" tabindex=\"-1\" aria-controls=\"e-n-tab-content-343085872\" style=\"--n-tabs-title-order: 2;\">\n\t\t\t\t\t\t<span class=\"e-n-tab-title-text\">\n\t\t\t\tWHAT COOKIES<br> DO WE USE?\t\t\t<\/span>\n\t\t<\/button>\n\t\t\t\t<button id=\"e-n-tab-title-343085873\" data-tab-title-id=\"e-n-tab-title-343085873\" class=\"e-n-tab-title\" aria-selected=\"false\" data-tab-index=\"3\" role=\"tab\" tabindex=\"-1\" aria-controls=\"e-n-tab-content-343085873\" style=\"--n-tabs-title-order: 3;\">\n\t\t\t\t\t\t<span class=\"e-n-tab-title-text\">\n\t\t\t\tWHO USES <br>DEACTIVATED?\t\t\t<\/span>\n\t\t<\/button>\n\t\t\t\t<button id=\"e-n-tab-title-343085874\" data-tab-title-id=\"e-n-tab-title-343085874\" class=\"e-n-tab-title\" aria-selected=\"false\" data-tab-index=\"4\" role=\"tab\" tabindex=\"-1\" aria-controls=\"e-n-tab-content-343085874\" style=\"--n-tabs-title-order: 4;\">\n\t\t\t\t\t\t<span class=\"e-n-tab-title-text\">\n\t\t\t\tHOW CAN<br>COOKIES <br>COULD BE <br>DEACTIVATED?\t\t\t<\/span>\n\t\t<\/button>\n\t\t\t\t\t<\/div>\n\t\t\t<div class=\"e-n-tabs-content\">\n\t\t\t\t<div id=\"e-n-tab-content-343085871\" role=\"tabpanel\" aria-labelledby=\"e-n-tab-title-343085871\" data-tab-index=\"1\" style=\"--n-tabs-title-order: 1;\" class=\"e-active elementor-element elementor-element-fc88805 e-flex e-con-boxed e-con e-child\" data-id=\"fc88805\" data-element_type=\"container\" data-e-type=\"container\">\n\t\t\t\t\t<div class=\"e-con-inner\">\n\t\t\t\t<div class=\"elementor-element elementor-element-b46d18d elementor-widget__width-initial elementor-widget elementor-widget-text-editor\" data-id=\"b46d18d\" data-element_type=\"widget\" data-e-type=\"widget\" data-widget_type=\"text-editor.default\">\n\t\t\t\t\t\t\t\t\t<p>Cookies are small amounts of information that are stored in the browser used by each user so that the server remembers certain information that only the server that implemented it will subsequently read. Cookies generally have a limited duration in time.<\/p>\t\t\t\t\t\t\t\t<\/div>\n\t\t\t\t\t<\/div>\n\t\t\t\t<\/div>\n\t\t<div id=\"e-n-tab-content-343085872\" role=\"tabpanel\" aria-labelledby=\"e-n-tab-title-343085872\" data-tab-index=\"2\" style=\"--n-tabs-title-order: 2;\" class=\"elementor-element elementor-element-7be5066 e-flex e-con-boxed e-con e-child\" data-id=\"7be5066\" data-element_type=\"container\" data-e-type=\"container\">\n\t\t\t\t\t<div class=\"e-con-inner\">\n\t\t\t\t<div class=\"elementor-element elementor-element-c059501 elementor-widget__width-initial elementor-widget elementor-widget-text-editor\" data-id=\"c059501\" data-element_type=\"widget\" data-e-type=\"widget\" data-widget_type=\"text-editor.default\">\n\t\t\t\t\t\t\t\t\t<p class=\"margin-int-parrag\">GENYUM FRAGRANCES,\u00a0 S.L.utiliza las siguientes cookies:<\/p><p class=\"margin-int-parrag\"><strong>TECHNICAL COOKIES<\/strong><br \/>These are those that allow the user to browse through a website and use the different options or services that exist on it, such as, for example, controlling traffic and data communication, identifying the session, accessing restricted access areas, etc.<\/p><p class=\"margin-int-parrag\"><strong>PERSONALISATION COOKIES<\/strong><br \/>These cookies allow the user to access the service with some predefined general characteristics such as, for example, the language, the type of browser used to access the service, the regional configuration from where the service is accessed, etc.<\/p><p class=\"margin-int-parrag\"><strong>ANALYTICAL COOKIES<\/strong><br \/>These cookies allow the monitoring and analysis of user behaviour. The information collected through this type of cookie is used to measure website activity and to create user browsing profiles in order to make improvements.<\/p><p class=\"margin-int-parrag\">This website uses cookies. Cookies on this website are used to personalise content and ads, provide social media features and analyse traffic. We also share information about your use of the website with our social media, advertising and web analytics partners, who may combine it with other information you have provided to them or that they have collected from your use of their services.<\/p><p class=\"margin-int-parrag\">Cookies are small text files that websites can use to make the user experience more efficient.\nThe law states that we may store cookies on your device if they are strictly necessary for the operation of this site. For all other types of cookies we need your permission.<\/p><p class=\"margin-int-parrag\">This site uses different types of cookies. Some cookies are placed by third party services that appear on our pages.<\/p><p class=\"margin-int-parrag\">This site uses different types of cookies. Some cookies are placed by third party services that appear on our pages.<\/p><p class=\"margin-int-parrag\">You can change or withdraw your consent at any time from the Cookie Statement on our website.<\/p><p class=\"margin-int-parrag\">Learn more about who we are, how you can contact us and how we handle personal data in our Privacy Policy.<\/p><p class=\"margin-int-parrag\">When contacting us regarding your consent, please indicate the ID and date of your consent.<\/p><p class=\"margin-int-parrag\">Your consent applies to the following domains:\u00a0<a href=\"https:\/\/genyum.com\/en\/\">www.genyum.com<\/a><\/p><p class=\"margin-int-parrag\">Your current status: Deny.<br \/>Your Consent ID: <span style=\"font-size: 10px;\">j3lJZnSMDWsO0d2VVxSEvCeBcKIioL9g0WHvEtp2lPkL8EYnxR\/UuA==<\/span><br \/>Date of consent: Thursday, 19 May 2022, 15:56:40 CEST<\/p><p class=\"margin-int-parrag\">Change your consent<\/p>\t\t\t\t\t\t\t\t<\/div>\n\t\t\t\t\t<\/div>\n\t\t\t\t<\/div>\n\t\t<div id=\"e-n-tab-content-343085873\" role=\"tabpanel\" aria-labelledby=\"e-n-tab-title-343085873\" data-tab-index=\"3\" style=\"--n-tabs-title-order: 3;\" class=\"elementor-element elementor-element-60df97b e-flex e-con-boxed e-con e-child\" data-id=\"60df97b\" data-element_type=\"container\" data-e-type=\"container\">\n\t\t\t\t\t<div class=\"e-con-inner\">\n\t\t\t\t<div class=\"elementor-element elementor-element-c89decd elementor-widget__width-initial elementor-widget elementor-widget-text-editor\" data-id=\"c89decd\" data-element_type=\"widget\" data-e-type=\"widget\" data-widget_type=\"text-editor.default\">\n\t\t\t\t\t\t\t\t\t<p class=\"margin-int-parrag\">La informaci\u00f3n obtenida a trav\u00e9s de las cookies ser\u00e1 recogida y tratada por\u00a0GENYUM\u00a0FRAGRANCES,\u00a0S.L., cuyos datos se detallan a continuaci\u00f3n:<\/p>\n\n<p class=\"margin-int-parrag\"><strong>COMPANY NAME<\/strong>\n GENYUM\u00a0FRAGRANCES, S.L.<\/p>\n\n<p class=\"margin-int-parrag\"><strong>ADDRESS<\/strong>\nC\/ de les Moles 10, 2\u00ba-3\u00aa, 08002 Barcelona<\/p>\n\n<p class=\"margin-int-parrag\"><strong>TELEPHONE<\/strong>\n665074078<\/p>\n\n<strong>E-MAIL<\/strong>\n<a href=\"mailto:contact@genyum.com\">contact@genyum.com\u00a0<\/a>\t\t\t\t\t\t\t\t<\/div>\n\t\t\t\t\t<\/div>\n\t\t\t\t<\/div>\n\t\t<div id=\"e-n-tab-content-343085874\" role=\"tabpanel\" aria-labelledby=\"e-n-tab-title-343085874\" data-tab-index=\"4\" style=\"--n-tabs-title-order: 4;\" class=\"elementor-element elementor-element-e62c289 e-flex e-con-boxed e-con e-child\" data-id=\"e62c289\" data-element_type=\"container\" data-e-type=\"container\">\n\t\t\t\t\t<div class=\"e-con-inner\">\n\t\t\t\t<div class=\"elementor-element elementor-element-e52de19 elementor-widget__width-initial elementor-widget elementor-widget-text-editor\" data-id=\"e52de19\" data-element_type=\"widget\" data-e-type=\"widget\" data-widget_type=\"text-editor.default\">\n\t\t\t\t\t\t\t\t\t<p class=\"margin-int-parrag\">You can block or delete cookies through your internet browser, but doing so may cause problems when using or loading the platform.<\/p>\n\n<p class=\"margin-int-parrag\">Your browser settings for this will depend on the browser you are using. Below are links to the instructions provided by the main browsers for deleting cookies:<\/p>\n\n<p class=\"margin-int-parrag\"><strong>INTERNET EXPLORER<\/strong>\n<a style=\"font-size: 14px;\" href=\"http:\/\/windows.microsoft.com\/es-ES\/internet-explorer\/delete-manage-cookies#ie=ie-11-win-7\" target=\"_blank\" rel=\"noopener\">http:\/\/windows.microsoft.com\/es-ES\/internet-explorer\/delete-manage-cookies#ie=ie-11-win-7<\/a><\/p>\n\n<p class=\"margin-int-parrag\"><strong>FIREFOX<\/strong>\n<a style=\"font-size: 14px;\" href=\"https:\/\/support.mozilla.org\/es\/kb\/Borrar%20cookies\" target=\"_blank\" rel=\"noopener\">https:\/\/support.mozilla.org\/es\/kb\/Borrar%20cookies<\/a><\/p>\n\n<p class=\"margin-int-parrag\"><strong>CHROME<\/strong>\n<a style=\"font-size: 14px;\" href=\"https:\/\/support.google.com\/chrome\/answer\/95647\" target=\"_blank\" rel=\"noopener\">https:\/\/support.google.com\/chrome\/answer\/95647\u00a0<\/a><\/p>\t\t\t\t\t\t\t\t<\/div>\n\t\t\t\t\t<\/div>\n\t\t\t\t<\/div>\n\t\t\t\t\t<\/div>\n\t\t<\/div>\n\t\t\t\t\t\t<\/div>\n\t\t\t\t<\/div>\n\t\t\t\t<\/div>\n\t\t\t\t<\/div>","protected":false},"excerpt":{"rendered":"<p>\u00bfQU\u00c9 ES UNA COOKIE? \u00bfQU\u00c9 COOKIES UTILIZAMOS? \u00bfQUI\u00c9N UTILIZA LAS COOKIES? \u00bfC\u00d3MO SEPUEDEN DESACTIVAR LAS COOKIES? Las cookies son peque\u00f1as cantidades de informaci\u00f3n que se almacenan en el navegador utilizado por cada usuario para que el servidor recuerde cierta informaci\u00f3n que posteriormente \u00fanicamente el servidor que la implement\u00f3 leer\u00e1. Las cookies tienen, generalmente, una duraci\u00f3n [&hellip;]<\/p>\n","protected":false},"author":1,"featured_media":0,"parent":0,"menu_order":0,"comment_status":"closed","ping_status":"closed","template":"","meta":{"_acf_changed":false,"footnotes":""},"class_list":["post-702","page","type-page","status-publish","hentry"],"acf":[],"_links":{"self":[{"href":"https:\/\/genyum.com\/en\/wp-json\/wp\/v2\/pages\/702","targetHints":{"allow":["GET"]}}],"collection":[{"href":"https:\/\/genyum.com\/en\/wp-json\/wp\/v2\/pages"}],"about":[{"href":"https:\/\/genyum.com\/en\/wp-json\/wp\/v2\/types\/page"}],"author":[{"embeddable":true,"href":"https:\/\/genyum.com\/en\/wp-json\/wp\/v2\/users\/1"}],"replies":[{"embeddable":true,"href":"https:\/\/genyum.com\/en\/wp-json\/wp\/v2\/comments?post=702"}],"version-history":[{"count":0,"href":"https:\/\/genyum.com\/en\/wp-json\/wp\/v2\/pages\/702\/revisions"}],"wp:attachment":[{"href":"https:\/\/genyum.com\/en\/wp-json\/wp\/v2\/media?parent=702"}],"curies":[{"name":"wp","href":"https:\/\/api.w.org\/{rel}","templated":true}]}}