{"id":434,"date":"2024-08-28T20:43:52","date_gmt":"2024-08-28T18:43:52","guid":{"rendered":"https:\/\/genyum.com\/?page_id=434"},"modified":"2026-03-23T14:05:12","modified_gmt":"2026-03-23T13:05:12","slug":"sobre-nosotros","status":"publish","type":"page","link":"https:\/\/genyum.com\/en\/sobre-nosotros\/","title":{"rendered":"About"},"content":{"rendered":"<div data-elementor-type=\"wp-page\" data-elementor-id=\"434\" class=\"elementor elementor-434\" data-elementor-post-type=\"page\">\n\t\t\t\t<div class=\"elementor-element elementor-element-6af7403 e-con-full elementor-hidden-mobile e-flex e-con e-parent\" data-id=\"6af7403\" data-element_type=\"container\" data-e-type=\"container\">\n\t\t<div class=\"elementor-element elementor-element-11f6233 e-con-full e-flex e-con e-child\" data-id=\"11f6233\" data-element_type=\"container\" data-e-type=\"container\">\n\t\t\t\t<div class=\"elementor-element elementor-element-1640ba7 toggle-img elementor-widget elementor-widget-image\" data-id=\"1640ba7\" data-element_type=\"widget\" data-e-type=\"widget\" data-widget_type=\"image.default\">\n\t\t\t\t\t\t\t\t\t\t\t\t\t\t\t<img fetchpriority=\"high\" decoding=\"async\" width=\"800\" height=\"727\" src=\"https:\/\/genyum.com\/wp-content\/uploads\/2026\/03\/250327_GENYUM_IMG_GAMA-2-1024x931.webp\" class=\"attachment-large size-large wp-image-5239\" alt=\"Familia de Fragancias Genyum\" srcset=\"https:\/\/genyum.com\/wp-content\/uploads\/2026\/03\/250327_GENYUM_IMG_GAMA-2-1024x931.webp 1024w, https:\/\/genyum.com\/wp-content\/uploads\/2026\/03\/250327_GENYUM_IMG_GAMA-2-300x273.webp 300w, https:\/\/genyum.com\/wp-content\/uploads\/2026\/03\/250327_GENYUM_IMG_GAMA-2-768x698.webp 768w, https:\/\/genyum.com\/wp-content\/uploads\/2026\/03\/250327_GENYUM_IMG_GAMA-2-1536x1396.webp 1536w, https:\/\/genyum.com\/wp-content\/uploads\/2026\/03\/250327_GENYUM_IMG_GAMA-2-13x12.webp 13w, https:\/\/genyum.com\/wp-content\/uploads\/2026\/03\/250327_GENYUM_IMG_GAMA-2-600x545.webp 600w, https:\/\/genyum.com\/wp-content\/uploads\/2026\/03\/250327_GENYUM_IMG_GAMA-2.webp 1920w\" sizes=\"(max-width: 800px) 100vw, 800px\" \/>\t\t\t\t\t\t\t\t\t\t\t\t\t\t\t<\/div>\n\t\t\t\t<\/div>\n\t\t<div class=\"elementor-element elementor-element-3e5d988 e-con-full e-flex e-con e-child\" data-id=\"3e5d988\" data-element_type=\"container\" data-e-type=\"container\">\n\t\t\t\t<div class=\"elementor-element elementor-element-601ffbd e-n-tabs-mobile elementor-widget elementor-widget-n-tabs\" data-id=\"601ffbd\" data-element_type=\"widget\" data-e-type=\"widget\" data-widget_type=\"nested-tabs.default\">\n\t\t\t\t\t\t\t<div class=\"e-n-tabs\" data-widget-number=\"100794301\" aria-label=\"Pesta\u00f1as. Abre elementos con Intro o Espacio, ci\u00e9rralos con Escape y navega con las fechas.\">\n\t\t\t<div class=\"e-n-tabs-heading\" role=\"tablist\">\n\t\t\t\t\t<button id=\"e-n-tab-title-1007943011\" data-tab-title-id=\"e-n-tab-title-1007943011\" class=\"e-n-tab-title\" aria-selected=\"true\" data-tab-index=\"1\" role=\"tab\" tabindex=\"0\" aria-controls=\"e-n-tab-content-1007943011\" style=\"--n-tabs-title-order: 1;\">\n\t\t\t\t\t\t<span class=\"e-n-tab-title-text\">\n\t\t\t\tBrand Manifest\t\t\t<\/span>\n\t\t<\/button>\n\t\t\t\t<button id=\"e-n-tab-title-1007943012\" data-tab-title-id=\"e-n-tab-title-1007943012\" class=\"e-n-tab-title\" aria-selected=\"false\" data-tab-index=\"2\" role=\"tab\" tabindex=\"-1\" aria-controls=\"e-n-tab-content-1007943012\" style=\"--n-tabs-title-order: 2;\">\n\t\t\t\t\t\t<span class=\"e-n-tab-title-text\">\n\t\t\t\tTHE CREATOR\t\t\t<\/span>\n\t\t<\/button>\n\t\t\t\t<button id=\"e-n-tab-title-1007943013\" data-tab-title-id=\"e-n-tab-title-1007943013\" class=\"e-n-tab-title\" aria-selected=\"false\" data-tab-index=\"3\" role=\"tab\" tabindex=\"-1\" aria-controls=\"e-n-tab-content-1007943013\" style=\"--n-tabs-title-order: 3;\">\n\t\t\t\t\t\t<span class=\"e-n-tab-title-text\">\n\t\t\t\tWE ARE<br> CLEAN\t\t\t<\/span>\n\t\t<\/button>\n\t\t\t\t\t<\/div>\n\t\t\t<div class=\"e-n-tabs-content\">\n\t\t\t\t<div id=\"e-n-tab-content-1007943011\" role=\"tabpanel\" aria-labelledby=\"e-n-tab-title-1007943011\" data-tab-index=\"1\" style=\"--n-tabs-title-order: 1;\" class=\"e-active elementor-element elementor-element-0446dec e-flex e-con-boxed e-con e-child\" data-id=\"0446dec\" data-element_type=\"container\" data-e-type=\"container\">\n\t\t\t\t\t<div class=\"e-con-inner\">\n\t\t\t\t<div class=\"elementor-element elementor-element-6766913 elementor-widget__width-initial elementor-widget elementor-widget-text-editor\" data-id=\"6766913\" data-element_type=\"widget\" data-e-type=\"widget\" data-widget_type=\"text-editor.default\">\n\t\t\t\t\t\t\t\t\t<p class=\"margin-int-parrag\">Artists. Visionaries who fight for future realities, who dream of a different present.<\/p><p>You who cannot live if not liberated.<\/p><p class=\"margin-int-parrag\">You who drown when submerged in social norms, dogmas, economic interests, vulgarity\u2026<\/p><p class=\"margin-int-parrag\">You who take as brothers and sisters those who fight to live their life in a constant creative process.<\/p><p class=\"margin-int-parrag\">You whose prints last in time, who will forge paths towards a better world.<\/p><p class=\"margin-int-parrag\">You who, armed with brush and pen, chisel and torch, music and movement, fight to preserve truth and beauty.<\/p><p class=\"margin-int-parrag\">You who reveal everything that would silence you for what it is and have the courage to reject it.<\/p><p class=\"margin-int-parrag\">Geniuses, let us approach you. We want to breathe you in, coat ourselves in your spirit in order to become a part of your universe.<\/p><p class=\"margin-int-parrag\">Let us smell your hands, your studios, your raw materials and tools.<\/p><p class=\"margin-int-parrag\">Let us be inspired by that which inspires you and let our imagination take flight so that we can understand your genius.<\/p><p>Genyum is the scent that inspires us.<\/p>\t\t\t\t\t\t\t\t<\/div>\n\t\t\t\t\t<\/div>\n\t\t\t\t<\/div>\n\t\t<div id=\"e-n-tab-content-1007943012\" role=\"tabpanel\" aria-labelledby=\"e-n-tab-title-1007943012\" data-tab-index=\"2\" style=\"--n-tabs-title-order: 2;\" class=\"elementor-element elementor-element-6ac3681 e-con-full e-flex e-con e-child\" data-id=\"6ac3681\" data-element_type=\"container\" data-e-type=\"container\">\n\t\t\t\t<div class=\"elementor-element elementor-element-f2bcb99 elementor-widget__width-initial elementor-widget elementor-widget-text-editor\" data-id=\"f2bcb99\" data-element_type=\"widget\" data-e-type=\"widget\" data-widget_type=\"text-editor.default\">\n\t\t\t\t\t\t\t\t\t<p class=\"margin-int-parrag\">Genyum was born in a sculptor\u2019s studio, a space in which examples of the strength of raw materials and the taming of the sculpted form abound. Iron, copper, metals tamed by fire, guided by the artist\u2019s skilful hand. These surroundings speak to us of the process by which a work of art is created, a process containing the essence, the final intent. It is from this essence that GENYUM perfumes are born.<\/p><p>Anna Torrents\u2019 passion for the olfactory world is an inherent part of her nature.\nHer curiosity about the world of art, one that has always run in the family, has drawn her so close to artists that she has been able to feel and capture the scents that emanate from their creative spaces, to observe their rituals and that fetishism that stimulates them. She has been able to live and feel like them, breathing in the smell of their workshops.<\/p>\t\t\t\t\t\t\t\t<\/div>\n\t\t\t\t<\/div>\n\t\t<div id=\"e-n-tab-content-1007943013\" role=\"tabpanel\" aria-labelledby=\"e-n-tab-title-1007943013\" data-tab-index=\"3\" style=\"--n-tabs-title-order: 3;\" class=\"elementor-element elementor-element-22bbf69 e-con-full e-flex e-con e-child\" data-id=\"22bbf69\" data-element_type=\"container\" data-e-type=\"container\">\n\t\t\t\t<div class=\"elementor-element elementor-element-de65e19 elementor-widget elementor-widget-heading\" data-id=\"de65e19\" data-element_type=\"widget\" data-e-type=\"widget\" data-widget_type=\"heading.default\">\n\t\t\t\t\t<h2 class=\"elementor-heading-title elementor-size-default\">WE COMMIT TO THE ENVIRONMENTAL STABILITY OF OUR PLANET<\/h2>\t\t\t\t<\/div>\n\t\t\t\t<div class=\"elementor-element elementor-element-a896506 elementor-widget__width-initial elementor-widget elementor-widget-text-editor\" data-id=\"a896506\" data-element_type=\"widget\" data-e-type=\"widget\" data-widget_type=\"text-editor.default\">\n\t\t\t\t\t\t\t\t\t<p class=\"margin-int-parrag\">Our commitment to people and the planet is a doctrine that governs our lives and our work. We cannot conceive of any other way to contribute to the balance of the planet.<\/p><p class=\"margin-int-parrag\">We create our fragrances with this in mind. We develop them according to strict standards in terms of safety, sustainability, ethics and transparency in the production and supply chain.<\/p><p class=\"margin-int-parrag\">Our fragrances and their ingredients are vegan and not tested on animals.<\/p><p class=\"margin-int-parrag\">Our fragrances are safe for you and the environment.<br \/>Most of the ingredients we use come from nature. Occasionally, out of respect for nature, we resort to synthetics that recreate components from the animal world and allow us to deploy a wonderful range for the creation of new perfumes.<\/p><p class=\"margin-int-parrag\">Our fragrances do not contain sulfates, PCMs, parabens and flates.<\/p><p class=\"margin-int-parrag\">Our packaging is made from recyclable materials, and produced by local producers.<\/p><p>The ingredients we use are grown, harvested, extracted and created under sustainable conditions and contribute to the well-being of local communities. Our partners comply with Good Manufacturing process standards.<\/p>\t\t\t\t\t\t\t\t<\/div>\n\t\t\t\t<\/div>\n\t\t\t\t\t<\/div>\n\t\t<\/div>\n\t\t\t\t\t\t<\/div>\n\t\t\t\t<div class=\"elementor-element elementor-element-23c19d3 elementor-widget elementor-widget-html\" data-id=\"23c19d3\" data-element_type=\"widget\" data-e-type=\"widget\" data-widget_type=\"html.default\">\n\t\t\t\t\t<script>\r\n    jQuery(function() {\r\nconst img = \"https:\/\/genyum.com\/wp-content\/uploads\/2024\/12\/manifiesto-fragancias-nosotros.jpg\";\r\n  jQuery(\"#e-n-tab-title-1007943011\").click(function(){\r\n    jQuery(\".toggle-img img\").attr('srcset',img);\r\n     jQuery(\".toggle-img img\").attr('src',img);\r\n  });\r\n});\r\n\r\n jQuery(function() {\r\nconst img = \"https:\/\/genyum.com\/wp-content\/uploads\/2024\/08\/CHESTER-2b-1.jpg\";\r\n  jQuery(\"#e-n-tab-title-1007943012\").click(function(){\r\n    jQuery(\".toggle-img img\").attr('srcset',img);\r\n     jQuery(\".toggle-img img\").attr('src',img);\r\n  });\r\n});\r\n\r\njQuery(function() {\r\nconst img = \"https:\/\/genyum.com\/wp-content\/uploads\/2024\/11\/genyum-11-1.jpg\";\r\n  jQuery(\"#e-n-tab-title-1007943013\").click(function(){\r\n    jQuery(\".toggle-img img\").attr('srcset',img);\r\n     jQuery(\".toggle-img img\").attr('src',img);\r\n  });\r\n});\r\n<\/script>\r\n\t\t\t\t<\/div>\n\t\t\t\t<\/div>\n\t\t\t\t<\/div>\n\t\t<div class=\"elementor-element elementor-element-f23c442 elementor-hidden-desktop elementor-hidden-tablet e-flex e-con-boxed e-con e-parent\" data-id=\"f23c442\" data-element_type=\"container\" data-e-type=\"container\">\n\t\t\t\t\t<div class=\"e-con-inner\">\n\t\t\t\t<div class=\"elementor-element elementor-element-cc9ca67 elementor-widget elementor-widget-html\" data-id=\"cc9ca67\" data-element_type=\"widget\" data-e-type=\"widget\" data-widget_type=\"html.default\">\n\t\t\t\t\t<select name=\"SobreNosotros\" id=\"SobreNosotros\">\r\n  <option value=\"manifiesto\">MANIFIESTO<\/option>\r\n  <option value=\"creadora\">LA CREADORA<\/option>\r\n  <option value=\"cuidamos\">CUIDAMOS EL PLANETA<\/option>\r\n<\/select>\t\t\t\t<\/div>\n\t\t<div class=\"elementor-element elementor-element-9923ec3 e-con-full hideOnPageLoad e-flex e-con e-child\" data-id=\"9923ec3\" data-element_type=\"container\" data-e-type=\"container\" id=\"manifiesto\">\n\t\t<div class=\"elementor-element elementor-element-8e43b6d e-con-full e-flex e-con e-child\" data-id=\"8e43b6d\" data-element_type=\"container\" data-e-type=\"container\">\n\t\t\t\t<div class=\"elementor-element elementor-element-043b12b elementor-widget elementor-widget-image\" data-id=\"043b12b\" data-element_type=\"widget\" data-e-type=\"widget\" data-widget_type=\"image.default\">\n\t\t\t\t\t\t\t\t\t\t\t\t\t\t\t<img decoding=\"async\" width=\"800\" height=\"727\" src=\"https:\/\/genyum.com\/wp-content\/uploads\/2025\/07\/250327_GENYUM_IMG_GAMA-2-scaled.jpg\" class=\"attachment-large size-large wp-image-4256\" alt=\"\" \/>\t\t\t\t\t\t\t\t\t\t\t\t\t\t\t<\/div>\n\t\t\t\t<\/div>\n\t\t<div class=\"elementor-element elementor-element-6f0ca4a e-con-full e-flex e-con e-child\" data-id=\"6f0ca4a\" data-element_type=\"container\" data-e-type=\"container\">\n\t\t\t\t<div class=\"elementor-element elementor-element-9f501d2 elementor-widget elementor-widget-text-editor\" data-id=\"9f501d2\" data-element_type=\"widget\" data-e-type=\"widget\" data-widget_type=\"text-editor.default\">\n\t\t\t\t\t\t\t\t\t<p>Artists. Visionaries who fight for future realities, who dream of a different present.<\/p><p>You who cannot live if not liberated.<\/p><p>You who drown when submerged in social norms, dogmas, economic interests, vulgarity\u2026<\/p><p>You who take as brothers and sisters those who fight to live their life in a constant creative process.<\/p><p>You whose prints last in time, who will forge paths towards a better world.<\/p><p>You who, armed with brush and pen, chisel and torch, music and movement, fight to preserve truth and beauty.<\/p><p>You who reveal everything that would silence you for what it is and have the courage to reject it.<\/p><p>Geniuses, let us approach you. We want to breathe you in, coat ourselves in your spirit in order to become a part of your universe.<\/p><p>Let us smell your hands, your studios, your raw materials and tools.<\/p><p>Let us be inspired by that which inspires you and let our imagination take flight so that we can understand your genius.<\/p><p>Genyum is the scent that inspires us.<br \/><br \/><br \/><br \/><br \/><br \/><\/p>\t\t\t\t\t\t\t\t<\/div>\n\t\t\t\t<\/div>\n\t\t\t\t<\/div>\n\t\t<div class=\"elementor-element elementor-element-cd324c9 e-con-full hideOnPageLoad e-flex e-con e-child\" data-id=\"cd324c9\" data-element_type=\"container\" data-e-type=\"container\" id=\"creadora\">\n\t\t<div class=\"elementor-element elementor-element-07a2f9a e-con-full e-flex e-con e-child\" data-id=\"07a2f9a\" data-element_type=\"container\" data-e-type=\"container\">\n\t\t\t\t<div class=\"elementor-element elementor-element-a5391cd elementor-widget elementor-widget-image\" data-id=\"a5391cd\" data-element_type=\"widget\" data-e-type=\"widget\" data-widget_type=\"image.default\">\n\t\t\t\t\t\t\t\t\t\t\t\t\t\t\t<img decoding=\"async\" width=\"713\" height=\"900\" src=\"https:\/\/genyum.com\/wp-content\/uploads\/2024\/08\/CHESTER-2b-1.jpg\" class=\"attachment-large size-large wp-image-472\" alt=\"\" srcset=\"https:\/\/genyum.com\/wp-content\/uploads\/2024\/08\/CHESTER-2b-1.jpg 713w, https:\/\/genyum.com\/wp-content\/uploads\/2024\/08\/CHESTER-2b-1-238x300.webp 238w, https:\/\/genyum.com\/wp-content\/uploads\/2024\/08\/CHESTER-2b-1-10x12.webp 10w, https:\/\/genyum.com\/wp-content\/uploads\/2024\/08\/CHESTER-2b-1-300x379.webp 300w, https:\/\/genyum.com\/wp-content\/uploads\/2024\/08\/CHESTER-2b-1-600x757.webp 600w\" sizes=\"(max-width: 713px) 100vw, 713px\" \/>\t\t\t\t\t\t\t\t\t\t\t\t\t\t\t<\/div>\n\t\t\t\t<\/div>\n\t\t<div class=\"elementor-element elementor-element-9cd24e7 e-con-full e-flex e-con e-child\" data-id=\"9cd24e7\" data-element_type=\"container\" data-e-type=\"container\">\n\t\t\t\t<div class=\"elementor-element elementor-element-f33283d elementor-widget elementor-widget-text-editor\" data-id=\"f33283d\" data-element_type=\"widget\" data-e-type=\"widget\" data-widget_type=\"text-editor.default\">\n\t\t\t\t\t\t\t\t\t<p>Genyum was born in a sculptor\u2019s studio, a space in which examples of the strength of raw materials and the taming of the sculpted form abound. Iron, copper, metals tamed by fire, guided by the artist\u2019s skilful hand. These surroundings speak to us of the process by which a work of art is created, a process containing the essence, the final intent. It is from this essence that GENYUM perfumes are born.<\/p><p>Anna Torrents\u2019 passion for the olfactory world is an inherent part of her nature.\nHer curiosity about the world of art, one that has always run in the family, has drawn her so close to artists that she has been able to feel and capture the scents that emanate from their creative spaces, to observe their rituals and that fetishism that stimulates them. She has been able to live and feel like them, breathing in the smell of their workshops.<\/p>\t\t\t\t\t\t\t\t<\/div>\n\t\t\t\t<\/div>\n\t\t\t\t<\/div>\n\t\t<div class=\"elementor-element elementor-element-75eeda3 e-con-full hideOnPageLoad e-flex e-con e-child\" data-id=\"75eeda3\" data-element_type=\"container\" data-e-type=\"container\" id=\"cuidamos\">\n\t\t<div class=\"elementor-element elementor-element-e353daa e-con-full e-flex e-con e-child\" data-id=\"e353daa\" data-element_type=\"container\" data-e-type=\"container\">\n\t\t\t\t<div class=\"elementor-element elementor-element-733cd5c elementor-widget elementor-widget-image\" data-id=\"733cd5c\" data-element_type=\"widget\" data-e-type=\"widget\" data-widget_type=\"image.default\">\n\t\t\t\t\t\t\t\t\t\t\t\t\t\t\t<img loading=\"lazy\" decoding=\"async\" width=\"713\" height=\"923\" src=\"https:\/\/genyum.com\/wp-content\/uploads\/2024\/08\/genyum_about_001.webp\" class=\"attachment-large size-large wp-image-473\" alt=\"\" srcset=\"https:\/\/genyum.com\/wp-content\/uploads\/2024\/08\/genyum_about_001.webp 713w, https:\/\/genyum.com\/wp-content\/uploads\/2024\/08\/genyum_about_001-232x300.webp 232w, https:\/\/genyum.com\/wp-content\/uploads\/2024\/08\/genyum_about_001-9x12.webp 9w, https:\/\/genyum.com\/wp-content\/uploads\/2024\/08\/genyum_about_001-300x388.webp 300w, https:\/\/genyum.com\/wp-content\/uploads\/2024\/08\/genyum_about_001-600x777.webp 600w\" sizes=\"(max-width: 713px) 100vw, 713px\" \/>\t\t\t\t\t\t\t\t\t\t\t\t\t\t\t<\/div>\n\t\t\t\t<\/div>\n\t\t<div class=\"elementor-element elementor-element-18c8891 e-con-full e-flex e-con e-child\" data-id=\"18c8891\" data-element_type=\"container\" data-e-type=\"container\">\n\t\t\t\t<div class=\"elementor-element elementor-element-704d92f elementor-widget elementor-widget-heading\" data-id=\"704d92f\" data-element_type=\"widget\" data-e-type=\"widget\" data-widget_type=\"heading.default\">\n\t\t\t\t\t<h2 class=\"elementor-heading-title elementor-size-default\">WE COMMIT TO THE ENVIRONMENTAL STABILITY OF OUR PLANET<\/h2>\t\t\t\t<\/div>\n\t\t\t\t<div class=\"elementor-element elementor-element-ba35e5f elementor-widget elementor-widget-text-editor\" data-id=\"ba35e5f\" data-element_type=\"widget\" data-e-type=\"widget\" data-widget_type=\"text-editor.default\">\n\t\t\t\t\t\t\t\t\t<p>Our commitment to people and the planet is a doctrine that governs our lives and our work. We cannot conceive of any other way to contribute to the balance of the planet.<\/p><p>We create our fragrances with this in mind. We develop them according to strict standards in terms of safety, sustainability, ethics and transparency in the production and supply chain.<\/p><p>Our fragrances and their ingredients are vegan and not tested on animals.<\/p><p>Our fragrances are safe for you and the environment.<br \/>Most of the ingredients we use come from nature. Occasionally, out of respect for nature, we resort to synthetics that recreate components from the animal world and allow us to deploy a wonderful range for the creation of new perfumes.<\/p><p>Our fragrances are free of sulphates, PCMs, parabens and phthalates.<\/p><p>Our packaging is made from recyclable materials, and produced by local producers.<\/p><p>The ingredients we use are grown, harvested, extracted and created under sustainable conditions and contribute to the well-being of local communities. Our partners comply with Good Manufacturing process standards.<\/p>\t\t\t\t\t\t\t\t<\/div>\n\t\t\t\t<\/div>\n\t\t\t\t<\/div>\n\t\t\t\t<div class=\"elementor-element elementor-element-71134db elementor-widget elementor-widget-html\" data-id=\"71134db\" data-element_type=\"widget\" data-e-type=\"widget\" data-widget_type=\"html.default\">\n\t\t\t\t\t<script>\n(function ($) {\n  $(document).ready(function () {\n \n    $('.hideOnPageLoad').hide();\n\n    $('#manifiesto').show();\n\n    \/\/ Manejar el cambio en el dropdown\n    $('#SobreNosotros').change(function() {\n      $('.hideOnPageLoad').hide();\n      var selectedValue = $(this).val();\n      $('#' + selectedValue).toggle();\n    });\n  });\n})(jQuery);\n<\/script>\t\t\t\t<\/div>\n\t\t\t\t\t<\/div>\n\t\t\t\t<\/div>\n\t\t\t\t<\/div>","protected":false},"excerpt":{"rendered":"<p>manifiesto la creadora cuidamos el planeta Artistas. Visionarios que luch\u00e1is por las realidades futuras, que so\u00f1\u00e1is con un presente diferente. Vosotros que no pod\u00e9is vivir sin respirar libertad. Vosotros que os asfixian las normas sociales, los dogmas, los intereses econ\u00f3micos, la vulgaridad\u2026 Vosotros que os herman\u00e1is con los que luchan por vivir creando. Vosotros que [&hellip;]<\/p>\n","protected":false},"author":1,"featured_media":0,"parent":0,"menu_order":0,"comment_status":"closed","ping_status":"closed","template":"","meta":{"_acf_changed":false,"footnotes":""},"class_list":["post-434","page","type-page","status-publish","hentry"],"acf":[],"_links":{"self":[{"href":"https:\/\/genyum.com\/en\/wp-json\/wp\/v2\/pages\/434","targetHints":{"allow":["GET"]}}],"collection":[{"href":"https:\/\/genyum.com\/en\/wp-json\/wp\/v2\/pages"}],"about":[{"href":"https:\/\/genyum.com\/en\/wp-json\/wp\/v2\/types\/page"}],"author":[{"embeddable":true,"href":"https:\/\/genyum.com\/en\/wp-json\/wp\/v2\/users\/1"}],"replies":[{"embeddable":true,"href":"https:\/\/genyum.com\/en\/wp-json\/wp\/v2\/comments?post=434"}],"version-history":[{"count":5,"href":"https:\/\/genyum.com\/en\/wp-json\/wp\/v2\/pages\/434\/revisions"}],"predecessor-version":[{"id":5243,"href":"https:\/\/genyum.com\/en\/wp-json\/wp\/v2\/pages\/434\/revisions\/5243"}],"wp:attachment":[{"href":"https:\/\/genyum.com\/en\/wp-json\/wp\/v2\/media?parent=434"}],"curies":[{"name":"wp","href":"https:\/\/api.w.org\/{rel}","templated":true}]}}