{"id":3,"date":"2024-07-24T12:24:45","date_gmt":"2024-07-24T10:24:45","guid":{"rendered":"https:\/\/genyum.com\/?page_id=3"},"modified":"2026-03-19T06:22:25","modified_gmt":"2026-03-19T05:22:25","slug":"politica-privacidad","status":"publish","type":"page","link":"https:\/\/genyum.com\/en\/politica-privacidad\/","title":{"rendered":"PRIVACY POLICY"},"content":{"rendered":"<div data-elementor-type=\"wp-page\" data-elementor-id=\"3\" class=\"elementor elementor-3\" data-elementor-post-type=\"page\">\n\t\t\t\t<div class=\"elementor-element elementor-element-83c6577 e-con-full e-flex e-con e-parent\" data-id=\"83c6577\" data-element_type=\"container\" data-e-type=\"container\">\n\t\t<div class=\"elementor-element elementor-element-2e9feac e-con-full elementor-hidden-tablet elementor-hidden-mobile e-flex e-con e-child\" data-id=\"2e9feac\" data-element_type=\"container\" data-e-type=\"container\" data-settings=\"{&quot;background_background&quot;:&quot;classic&quot;}\">\n\t\t\t\t<\/div>\n\t\t<div class=\"elementor-element elementor-element-6cd6524 e-con-full e-flex e-con e-child\" data-id=\"6cd6524\" data-element_type=\"container\" data-e-type=\"container\">\n\t\t\t\t<div class=\"elementor-element elementor-element-06f9721 e-n-tabs-none elementor-widget-mobile__width-inherit elementor-widget elementor-widget-n-tabs\" data-id=\"06f9721\" data-element_type=\"widget\" data-e-type=\"widget\" data-settings=\"{&quot;tabs_justify_horizontal_mobile&quot;:&quot;stretch&quot;,&quot;horizontal_scroll_mobile&quot;:&quot;disable&quot;}\" data-widget_type=\"nested-tabs.default\">\n\t\t\t\t\t\t\t<div class=\"e-n-tabs\" data-widget-number=\"7313185\" aria-label=\"Pesta\u00f1as. Abre elementos con Intro o Espacio, ci\u00e9rralos con Escape y navega con las fechas.\">\n\t\t\t<div class=\"e-n-tabs-heading\" role=\"tablist\">\n\t\t\t\t\t<button id=\"e-n-tab-title-73131851\" data-tab-title-id=\"e-n-tab-title-73131851\" class=\"e-n-tab-title\" aria-selected=\"true\" data-tab-index=\"1\" role=\"tab\" tabindex=\"0\" aria-controls=\"e-n-tab-content-73131851\" style=\"--n-tabs-title-order: 1;\">\n\t\t\t\t\t\t<span class=\"e-n-tab-title-text\">\n\t\t\t\tPROTECTION <br>OF <br>PERSONAL <br>DATA\t\t\t<\/span>\n\t\t<\/button>\n\t\t\t\t<button id=\"e-n-tab-title-73131852\" data-tab-title-id=\"e-n-tab-title-73131852\" class=\"e-n-tab-title\" aria-selected=\"false\" data-tab-index=\"2\" role=\"tab\" tabindex=\"-1\" aria-controls=\"e-n-tab-content-73131852\" style=\"--n-tabs-title-order: 2;\">\n\t\t\t\t\t\t<span class=\"e-n-tab-title-text\">\n\t\t\t\tSTORAGE <br>PERIOD\t\t\t<\/span>\n\t\t<\/button>\n\t\t\t\t<button id=\"e-n-tab-title-73131853\" data-tab-title-id=\"e-n-tab-title-73131853\" class=\"e-n-tab-title\" aria-selected=\"false\" data-tab-index=\"3\" role=\"tab\" tabindex=\"-1\" aria-controls=\"e-n-tab-content-73131853\" style=\"--n-tabs-title-order: 3;\">\n\t\t\t\t\t\t<span class=\"e-n-tab-title-text\">\n\t\t\t\tEXERCISE OF<br> RIGHTS AND <br>CLAIMS <br>ANTE\u2028 LA AEPD\t\t\t<\/span>\n\t\t<\/button>\n\t\t\t\t<button id=\"e-n-tab-title-73131854\" data-tab-title-id=\"e-n-tab-title-73131854\" class=\"e-n-tab-title\" aria-selected=\"false\" data-tab-index=\"4\" role=\"tab\" tabindex=\"-1\" aria-controls=\"e-n-tab-content-73131854\" style=\"--n-tabs-title-order: 4;\">\n\t\t\t\t\t\t<span class=\"e-n-tab-title-text\">\n\t\t\t\tCONFIDENTIALITY<br> AND SECURITY<br> IN <br>DATA<br> PROCESSING\t\t\t<\/span>\n\t\t<\/button>\n\t\t\t\t<button id=\"e-n-tab-title-73131855\" data-tab-title-id=\"e-n-tab-title-73131855\" class=\"e-n-tab-title\" aria-selected=\"false\" data-tab-index=\"5\" role=\"tab\" tabindex=\"-1\" aria-controls=\"e-n-tab-content-73131855\" style=\"--n-tabs-title-order: 5;\">\n\t\t\t\t\t\t<span class=\"e-n-tab-title-text\">\n\t\t\t\tSOCIAL NETWORKS\t\t\t<\/span>\n\t\t<\/button>\n\t\t\t\t\t<\/div>\n\t\t\t<div class=\"e-n-tabs-content\">\n\t\t\t\t<div id=\"e-n-tab-content-73131851\" role=\"tabpanel\" aria-labelledby=\"e-n-tab-title-73131851\" data-tab-index=\"1\" style=\"--n-tabs-title-order: 1;\" class=\"e-active elementor-element elementor-element-c913d34 e-flex e-con-boxed e-con e-child\" data-id=\"c913d34\" data-element_type=\"container\" data-e-type=\"container\">\n\t\t\t\t\t<div class=\"e-con-inner\">\n\t\t\t\t<div class=\"elementor-element elementor-element-cc72220 elementor-widget elementor-widget-text-editor\" data-id=\"cc72220\" data-element_type=\"widget\" data-e-type=\"widget\" data-widget_type=\"text-editor.default\">\n\t\t\t\t\t\t\t\t\t<p class=\"margin-int-parrag\">The User will be able to send to GENYUM FRAGRANCES, S.L., with CIF B13971114 and address at Calle de les Moles 10, 2\u00ba3\u00aa, 08002- Barcelona (Spain), his personal data through the different forms that for this purpose are incorporated in the Web page:<\/p><h3 class=\"margin-int-title-one\">CONTACT<\/h3><p class=\"margin-int-parrag\">- To maintain and manage the contact with you.<br \/>\u2013 Respond to any queries you send us<\/p><h3 class=\"margin-int-title-two\">NEWSLETTER<\/h3><p class=\"margin-int-parrag\">\u2013 To register you for the newsletter<br \/>\u2013 Manage the sending of the newsletter<br \/>\u2013 To carry out statistical studies<\/p><h3 class=\"margin-int-title-two\">INFORMATION OBTAINED THROUGH SOCIAL NETWORKS<\/h3><p class=\"margin-int-parrag\">Send you personalised information according to your tastes and preferences that you may have expressed by accessing certain areas of the website, as well as information provided through the social networks in which GENYUM FRAGRANCES, S.L. has a presence, if you have marked this option.<\/p><p class=\"margin-int-parrag\">These forms include specific information on the purposes for which your data will be processed, in compliance with the requirements established in the General Data Protection Regulation (RGPD) and other current legislation on the protection of personal data. Your personal data will be treated by GENYUM FRAGRANCES, S.L., confidentially and only for those purposes for which you have consented.<\/p><p class=\"margin-int-parrag\">Your data will not be communicated to third parties, unless otherwise specified on the form. Such processing is based on your consent.<\/p><p>In the event that you wish to transfer the data to other companies, this must be indicated.<\/p>\t\t\t\t\t\t\t\t<\/div>\n\t\t\t\t\t<\/div>\n\t\t\t\t<\/div>\n\t\t<div id=\"e-n-tab-content-73131852\" role=\"tabpanel\" aria-labelledby=\"e-n-tab-title-73131852\" data-tab-index=\"2\" style=\"--n-tabs-title-order: 2;\" class=\"elementor-element elementor-element-d9fca5b e-flex e-con-boxed e-con e-child\" data-id=\"d9fca5b\" data-element_type=\"container\" data-e-type=\"container\">\n\t\t\t\t\t<div class=\"e-con-inner\">\n\t\t\t\t<div class=\"elementor-element elementor-element-7a4fb8d elementor-widget__width-initial elementor-widget elementor-widget-text-editor\" data-id=\"7a4fb8d\" data-element_type=\"widget\" data-e-type=\"widget\" data-widget_type=\"text-editor.default\">\n\t\t\t\t\t\t\t\t\t<p class=\"margin-int-parrag\">Your data will be kept for the legal minimum period, which will be specifically defined in each specific contact form, unless you consent to its retention for a longer period, without prejudice to its retention and maintenance under appropriate blocking for the purpose of making it available to the authorities.<\/p>\n\nSuch processing is based on your consent. Remember that you may withdraw your consent at any time.\t\t\t\t\t\t\t\t<\/div>\n\t\t\t\t\t<\/div>\n\t\t\t\t<\/div>\n\t\t<div id=\"e-n-tab-content-73131853\" role=\"tabpanel\" aria-labelledby=\"e-n-tab-title-73131853\" data-tab-index=\"3\" style=\"--n-tabs-title-order: 3;\" class=\"elementor-element elementor-element-bab1703 e-flex e-con-boxed e-con e-child\" data-id=\"bab1703\" data-element_type=\"container\" data-e-type=\"container\">\n\t\t\t\t\t<div class=\"e-con-inner\">\n\t\t\t\t<div class=\"elementor-element elementor-element-952e597 elementor-widget__width-initial elementor-widget elementor-widget-text-editor\" data-id=\"952e597\" data-element_type=\"widget\" data-e-type=\"widget\" data-widget_type=\"text-editor.default\">\n\t\t\t\t\t\t\t\t\t<p class=\"margin-int-parrag\">You may exercise your rights of access, rectification, deletion, limitation and\/or portability, as well as make any query or suggestion in relation to the processing of your personal data, by contacting the Data Protection Officer (DPD) by any of the following means, enclosing a copy of your ID card or equivalent identification document:<\/p><p class=\"margin-int-parrag\">1. By e-mail to be sent to the address\u00a0<a href=\"mailto:genyum@genyum.com\">contact@genyum.com<\/a><\/p><p class=\"margin-int-parrag\">2. By post addressed to GENYUM FRAGRANCES, S.L., with address at Calle de les Moles 10, 2\u00ba3\u00aa, 08002- Barcelona (Spain).<\/p><p>You have the right to lodge a complaint with the Spanish Data Protection Agency (AEPD), the competent data protection authority, by writing to the headquarters of this body.<\/p>\t\t\t\t\t\t\t\t<\/div>\n\t\t\t\t\t<\/div>\n\t\t\t\t<\/div>\n\t\t<div id=\"e-n-tab-content-73131854\" role=\"tabpanel\" aria-labelledby=\"e-n-tab-title-73131854\" data-tab-index=\"4\" style=\"--n-tabs-title-order: 4;\" class=\"elementor-element elementor-element-e6c02d0 e-flex e-con-boxed e-con e-child\" data-id=\"e6c02d0\" data-element_type=\"container\" data-e-type=\"container\">\n\t\t\t\t\t<div class=\"e-con-inner\">\n\t\t\t\t<div class=\"elementor-element elementor-element-b6ea51c elementor-widget__width-initial elementor-widget elementor-widget-text-editor\" data-id=\"b6ea51c\" data-element_type=\"widget\" data-e-type=\"widget\" data-widget_type=\"text-editor.default\">\n\t\t\t\t\t\t\t\t\t<p>The information received by GENYUM FRAGRANCES, S.L., through this website will be treated with the maximum reserve and confidentiality. Likewise, GENYUM FRAGRANCES, S.L., declares and guarantees that it has established all the technical means at its disposal to avoid the loss, misuse, alteration, unauthorised access and theft of the data provided by users, without prejudice to informing that security measures on the Internet are not impregnable.<\/p>\t\t\t\t\t\t\t\t<\/div>\n\t\t\t\t\t<\/div>\n\t\t\t\t<\/div>\n\t\t<div id=\"e-n-tab-content-73131855\" role=\"tabpanel\" aria-labelledby=\"e-n-tab-title-73131855\" data-tab-index=\"5\" style=\"--n-tabs-title-order: 5;\" class=\"elementor-element elementor-element-c3b80aa e-flex e-con-boxed e-con e-child\" data-id=\"c3b80aa\" data-element_type=\"container\" data-e-type=\"container\">\n\t\t\t\t\t<div class=\"e-con-inner\">\n\t\t\t\t<div class=\"elementor-element elementor-element-45de198 elementor-widget__width-initial elementor-widget elementor-widget-text-editor\" data-id=\"45de198\" data-element_type=\"widget\" data-e-type=\"widget\" data-widget_type=\"text-editor.default\">\n\t\t\t\t\t\t\t\t\t<p>The user will be able to join the Groups that GENYUM FRAGRANCES, S.L., has in different social networks. The user who becomes a fan of any of these groups accepts the conditions of use and privacy policy of the corresponding social network.<\/p>\t\t\t\t\t\t\t\t<\/div>\n\t\t\t\t\t<\/div>\n\t\t\t\t<\/div>\n\t\t\t\t\t<\/div>\n\t\t<\/div>\n\t\t\t\t\t\t<\/div>\n\t\t\t\t<\/div>\n\t\t\t\t<\/div>\n\t\t\t\t<\/div>","protected":false},"excerpt":{"rendered":"<p>PROTECCI\u00d3N DE DATOS DE CAR\u00c1CTER PERSONAL PLAZO DE CONSERVACI\u00d3N EJERCICIO DE DERECHOS \u2028Y RECLAMACIONES ANTE\u2028 LA AEPD CONFIDENCIALIDAD\u2028 Y SEGURIDAD EN EL TRATAMIENTO DE DATOS REDES SOCIALES El Usuario podr\u00e1 remitir a GENYUM FRAGRANCES, S.L., con CIF B13971114 con direcci\u00f3n en Carrer de les Moles 10, 2\u00ba 3\u00aa\u2013 Barcelona (Espa\u00f1a), sus datos a trav\u00e9s de [&hellip;]<\/p>\n","protected":false},"author":1,"featured_media":0,"parent":0,"menu_order":0,"comment_status":"closed","ping_status":"open","template":"","meta":{"_acf_changed":false,"footnotes":""},"class_list":["post-3","page","type-page","status-publish","hentry"],"acf":[],"_links":{"self":[{"href":"https:\/\/genyum.com\/en\/wp-json\/wp\/v2\/pages\/3","targetHints":{"allow":["GET"]}}],"collection":[{"href":"https:\/\/genyum.com\/en\/wp-json\/wp\/v2\/pages"}],"about":[{"href":"https:\/\/genyum.com\/en\/wp-json\/wp\/v2\/types\/page"}],"author":[{"embeddable":true,"href":"https:\/\/genyum.com\/en\/wp-json\/wp\/v2\/users\/1"}],"replies":[{"embeddable":true,"href":"https:\/\/genyum.com\/en\/wp-json\/wp\/v2\/comments?post=3"}],"version-history":[{"count":6,"href":"https:\/\/genyum.com\/en\/wp-json\/wp\/v2\/pages\/3\/revisions"}],"predecessor-version":[{"id":5219,"href":"https:\/\/genyum.com\/en\/wp-json\/wp\/v2\/pages\/3\/revisions\/5219"}],"wp:attachment":[{"href":"https:\/\/genyum.com\/en\/wp-json\/wp\/v2\/media?parent=3"}],"curies":[{"name":"wp","href":"https:\/\/api.w.org\/{rel}","templated":true}]}}