{"id":216,"date":"2024-08-27T17:49:14","date_gmt":"2024-08-27T15:49:14","guid":{"rendered":"https:\/\/genyum.com\/?page_id=216"},"modified":"2026-01-12T09:45:05","modified_gmt":"2026-01-12T08:45:05","slug":"cart","status":"publish","type":"page","link":"https:\/\/genyum.com\/en\/cart\/","title":{"rendered":"Cart"},"content":{"rendered":"<div data-elementor-type=\"wp-page\" data-elementor-id=\"216\" class=\"elementor elementor-216\" data-elementor-post-type=\"page\">\n\t\t\t\t<div class=\"elementor-element elementor-element-14b4b5b e-flex e-con-boxed e-con e-parent\" data-id=\"14b4b5b\" data-element_type=\"container\" data-e-type=\"container\">\n\t\t\t\t\t<div class=\"e-con-inner\">\n\t\t\t\t\t<\/div>\n\t\t\t\t<\/div>\n\t\t\t\t<\/div>","protected":false},"excerpt":{"rendered":"<p>Available Coupons (0) Eliminar art\u00edculo Imagen en miniatura Producto Precio Cantidad Subtotal &times; DISCOVERY SET 49,00&nbsp;&euro; DISCOVERY SET cantidad 49,00&nbsp;&euro; aplicar cup\u00f3n Tu carrito Subtotal 49,00&nbsp;&euro; Env\u00edo Express (48h-72h): 6,05&nbsp;&euro; Enviar a Carrer d&#039;Arag\u00f3 85\/87, 5to 2da, 08015 Barcelona, Barcelona. Cambiar direcci\u00f3n Pa\u00eds \/ Regi\u00f3n Selecciona un pa\u00eds\/regi\u00f3n&hellip;Afganist\u00e1nAlbaniaAlemaniaAndorraAngolaAnguilaAnt\u00e1rtidaAntigua y BarbudaArabia SauditaArgeliaArgentinaArmeniaArubaAustraliaAustriaAzerbaijanBahamasBahrainBangladeshBarbadosBelauB\u00e9lgicaBelizeBeninBermudaBhutanBielorrusiaBirmaniaBoliviaBonaire, San Eustaquio y SabaBosnia [&hellip;]<\/p>\n","protected":false},"author":1,"featured_media":0,"parent":0,"menu_order":0,"comment_status":"closed","ping_status":"closed","template":"","meta":{"_acf_changed":false,"footnotes":""},"class_list":["post-216","page","type-page","status-publish","hentry"],"acf":[],"_links":{"self":[{"href":"https:\/\/genyum.com\/en\/wp-json\/wp\/v2\/pages\/216","targetHints":{"allow":["GET"]}}],"collection":[{"href":"https:\/\/genyum.com\/en\/wp-json\/wp\/v2\/pages"}],"about":[{"href":"https:\/\/genyum.com\/en\/wp-json\/wp\/v2\/types\/page"}],"author":[{"embeddable":true,"href":"https:\/\/genyum.com\/en\/wp-json\/wp\/v2\/users\/1"}],"replies":[{"embeddable":true,"href":"https:\/\/genyum.com\/en\/wp-json\/wp\/v2\/comments?post=216"}],"version-history":[{"count":0,"href":"https:\/\/genyum.com\/en\/wp-json\/wp\/v2\/pages\/216\/revisions"}],"wp:attachment":[{"href":"https:\/\/genyum.com\/en\/wp-json\/wp\/v2\/media?parent=216"}],"curies":[{"name":"wp","href":"https:\/\/api.w.org\/{rel}","templated":true}]}}